{"id":13860,"date":"2020-10-14T15:27:50","date_gmt":"2020-10-14T13:27:50","guid":{"rendered":"https:\/\/cotebleueconsulting.adexodev.com\/?page_id=13860"},"modified":"2026-03-14T15:52:38","modified_gmt":"2026-03-14T14:52:38","slug":"le-camping","status":"publish","type":"page","link":"https:\/\/camping-les-lavandes.com\/en\/le-camping\/","title":{"rendered":"<p>The Campsite<\/p>"},"content":{"rendered":"<div data-elementor-type=\"wp-page\" data-elementor-id=\"13860\" class=\"elementor elementor-13860\" data-elementor-post-type=\"page\">\n\t\t\t\t\t\t<section class=\"elementor-section elementor-top-section elementor-element elementor-element-cfb5612 elementor-section-height-min-height elementor-section-content-middle elementor-section-boxed elementor-section-height-default elementor-section-items-middle\" data-id=\"cfb5612\" data-element_type=\"section\" data-settings='{\"background_background\":\"classic\"}'>\n\t\t\t\t\t\t\t<div class=\"elementor-background-overlay\"><\/div>\n\t\t\t\t\t\t\t<div class=\"elementor-container elementor-column-gap-default\">\n\t\t\t\t\t<div class=\"elementor-column elementor-col-100 elementor-top-column elementor-element elementor-element-d933461\" data-id=\"d933461\" data-element_type=\"column\">\n\t\t\t<div class=\"elementor-widget-wrap elementor-element-populated\">\n\t\t\t\t\t\t<div class=\"elementor-element elementor-element-f43a41c elementor-widget elementor-widget-heading\" data-id=\"f43a41c\" data-element_type=\"widget\" data-widget_type=\"heading.default\">\n\t\t\t\t<div class=\"elementor-widget-container\">\n\t\t\t\t\t<h1 class=\"elementor-heading-title elementor-size-default\">Discover the campsite les lavandes : 2 star campsite in Castellane<\/h1>\t\t\t\t<\/div>\n\t\t\t\t<\/div>\n\t\t\t\t<div class=\"elementor-element elementor-element-cd9c40c elementor-align-center elementor-widget elementor-widget-button\" data-id=\"cd9c40c\" data-element_type=\"widget\" data-widget_type=\"button.default\">\n\t\t\t\t<div class=\"elementor-widget-container\">\n\t\t\t\t\t\t\t\t\t<div class=\"elementor-button-wrapper\">\n\t\t\t\t\t<a class=\"elementor-button elementor-button-link elementor-size-sm\" href=\"\/en\/Prices (*)\/\" target=\"_blank\" rel=\"nofollow\">\n\t\t\t\t\t\t<span class=\"elementor-button-content-wrapper\">\n\t\t\t\t\t\t\t\t\t<span class=\"elementor-button-text\">book your stay in the gorges du verdon<\/span>\n\t\t\t\t\t<\/span>\n\t\t\t\t\t<\/a>\n\t\t\t\t<\/div>\n\t\t\t\t\t\t\t\t<\/div>\n\t\t\t\t<\/div>\n\t\t\t\t\t<\/div>\n\t\t<\/div>\n\t\t\t\t\t<\/div>\n\t\t<\/section>\n\t\t\t\t<section class=\"elementor-section elementor-top-section elementor-element elementor-element-d76879f elementor-section-boxed elementor-section-height-default elementor-section-height-default\" data-id=\"d76879f\" data-element_type=\"section\">\n\t\t\t\t\t\t<div class=\"elementor-container elementor-column-gap-default\">\n\t\t\t\t\t<div class=\"elementor-column elementor-col-100 elementor-top-column elementor-element elementor-element-849637f\" data-id=\"849637f\" data-element_type=\"column\">\n\t\t\t<div class=\"elementor-widget-wrap elementor-element-populated\">\n\t\t\t\t\t\t<div class=\"elementor-element elementor-element-fa27fd5 elementor-widget elementor-widget-text-editor\" data-id=\"fa27fd5\" data-element_type=\"widget\" data-widget_type=\"text-editor.default\">\n\t\t\t\t<div class=\"elementor-widget-container\">\n\t\t\t\t\t\t\t\t\t<p class=\"translation-block\">In a <strong>green setting<\/strong>, surrounded by <strong>mountains<\/strong> and <strong>forests<\/strong>, close to the village of <strong>Castellane<\/strong> and not far from <strong>Lac de Castillon<\/strong>, come and spend your <strong>holidays<\/strong> at <strong>Camping Les Lavandes<\/strong>, in the <strong>Gorges du Verdon<\/strong>.<\/p>\t\t\t\t\t\t\t\t<\/div>\n\t\t\t\t<\/div>\n\t\t\t\t\t<\/div>\n\t\t<\/div>\n\t\t\t\t\t<\/div>\n\t\t<\/section>\n\t\t\t\t<section class=\"elementor-section elementor-top-section elementor-element elementor-element-4fcd557 elementor-section-full_width elementor-section-height-default elementor-section-height-default\" data-id=\"4fcd557\" data-element_type=\"section\">\n\t\t\t\t\t\t<div class=\"elementor-container elementor-column-gap-no\">\n\t\t\t\t\t<div class=\"elementor-column elementor-col-50 elementor-top-column elementor-element elementor-element-48ad60c\" data-id=\"48ad60c\" data-element_type=\"column\">\n\t\t\t<div class=\"elementor-widget-wrap elementor-element-populated\">\n\t\t\t\t\t\t<div class=\"elementor-element elementor-element-e61241e elementor-invisible elementor-widget elementor-widget-image\" data-id=\"e61241e\" data-element_type=\"widget\" data-settings='{\"_animation\":\"fadeInLeft\"}' data-widget_type=\"image.default\">\n\t\t\t\t<div class=\"elementor-widget-container\">\n\t\t\t\t\t\t\t\t\t\t\t\t\t\t\t<img fetchpriority=\"high\" decoding=\"async\" width=\"800\" height=\"534\" src=\"https:\/\/camping-les-lavandes.com\/wp-content\/uploads\/2021\/11\/IMG_0925-2-1-1024x683.jpg\" class=\"attachment-large size-large wp-image-15062\" alt=\"\" srcset=\"https:\/\/camping-les-lavandes.com\/wp-content\/uploads\/2021\/11\/IMG_0925-2-1-1024x683.jpg 1024w, https:\/\/camping-les-lavandes.com\/wp-content\/uploads\/2021\/11\/IMG_0925-2-1-300x200.jpg 300w, https:\/\/camping-les-lavandes.com\/wp-content\/uploads\/2021\/11\/IMG_0925-2-1-768x512.jpg 768w, https:\/\/camping-les-lavandes.com\/wp-content\/uploads\/2021\/11\/IMG_0925-2-1.jpg 1200w\" sizes=\"(max-width: 800px) 100vw, 800px\">\t\t\t\t\t\t\t\t\t\t\t\t\t\t\t<\/div>\n\t\t\t\t<\/div>\n\t\t\t\t\t<\/div>\n\t\t<\/div>\n\t\t\t\t<div class=\"elementor-column elementor-col-50 elementor-top-column elementor-element elementor-element-bfe86ff\" data-id=\"bfe86ff\" data-element_type=\"column\">\n\t\t\t<div class=\"elementor-widget-wrap elementor-element-populated\">\n\t\t\t\t\t\t<div class=\"elementor-element elementor-element-abde849 elementor-widget elementor-widget-heading\" data-id=\"abde849\" data-element_type=\"widget\" data-widget_type=\"heading.default\">\n\t\t\t\t<div class=\"elementor-widget-container\">\n\t\t\t\t\t<h2 class=\"elementor-heading-title elementor-size-default\">Un camping familial au c?ur des Alpes-de-Haute-Provence<\/h2>\t\t\t\t<\/div>\n\t\t\t\t<\/div>\n\t\t\t\t<div class=\"elementor-element elementor-element-72e0c6c elementor-widget elementor-widget-text-editor\" data-id=\"72e0c6c\" data-element_type=\"widget\" data-widget_type=\"text-editor.default\">\n\t\t\t\t<div class=\"elementor-widget-container\">\n\t\t\t\t\t\t\t\t\t<p data-start=\"128\" data-end=\"318\">Rien de tel pour <strong data-start=\"145\" data-end=\"162\">se ressourcer<\/strong> que de s?&eacute;chapper des <strong data-start=\"185\" data-end=\"208\">tracas du quotidien<\/strong> le temps d?un <strong data-start=\"223\" data-end=\"258\">s&eacute;jour en famille ou entre amis<\/strong>. Au <strong data-start=\"263\" data-end=\"287\">Camping Les Lavandes<\/strong>, nous l?avons bien compris !<\/p><p data-start=\"320\" data-end=\"507\">C?est pourquoi nous nous engageons &agrave; vous offrir le <strong data-start=\"372\" data-end=\"427\">meilleur niveau de service, d?accueil et de confort<\/strong>, afin que vous puissiez profiter pleinement de vos vacances avec vos proches.<\/p><p data-start=\"509\" data-end=\"867\">Situ&eacute; en plein c?ur des <strong data-start=\"533\" data-end=\"565\">Alpes-de-Haute-Provence<\/strong>, le <strong data-start=\"570\" data-end=\"594\">Camping Les Lavandes<\/strong> accueille des <strong data-start=\"609\" data-end=\"640\">vacanciers de tous horizons<\/strong>, d&eacute;sireux de d&eacute;couvrir les richesses du <strong data-start=\"681\" data-end=\"705\">sud-est de la France<\/strong> : <strong data-start=\"708\" data-end=\"732\">climat m&eacute;diterran&eacute;en<\/strong>, <strong data-start=\"734\" data-end=\"753\">paysages vari&eacute;s<\/strong>, <strong data-start=\"755\" data-end=\"801\">activit&eacute;s sportives et culturelles uniques<\/strong>, et moments de <strong data-start=\"817\" data-end=\"841\">d&eacute;tente inoubliables<\/strong> au c?ur de la Provence.<\/p>\t\t\t\t\t\t\t\t<\/div>\n\t\t\t\t<\/div>\n\t\t\t\t\t<\/div>\n\t\t<\/div>\n\t\t\t\t\t<\/div>\n\t\t<\/section>\n\t\t\t\t<section class=\"elementor-section elementor-top-section elementor-element elementor-element-97a1079 elementor-section-full_width elementor-section-height-default elementor-section-height-default\" data-id=\"97a1079\" data-element_type=\"section\">\n\t\t\t\t\t\t<div class=\"elementor-container elementor-column-gap-no\">\n\t\t\t\t\t<div class=\"elementor-column elementor-col-50 elementor-top-column elementor-element elementor-element-59c4526\" data-id=\"59c4526\" data-element_type=\"column\">\n\t\t\t<div class=\"elementor-widget-wrap elementor-element-populated\">\n\t\t\t\t\t\t<div class=\"elementor-element elementor-element-02221fa elementor-widget elementor-widget-heading\" data-id=\"02221fa\" data-element_type=\"widget\" data-widget_type=\"heading.default\">\n\t\t\t\t<div class=\"elementor-widget-container\">\n\t\t\t\t\t<h2 class=\"elementor-heading-title elementor-size-default\">A variety of activities for young and old<\/h2>\t\t\t\t<\/div>\n\t\t\t\t<\/div>\n\t\t\t\t<div class=\"elementor-element elementor-element-450e23c elementor-widget elementor-widget-text-editor\" data-id=\"450e23c\" data-element_type=\"widget\" data-widget_type=\"text-editor.default\">\n\t\t\t\t<div class=\"elementor-widget-container\">\n\t\t\t\t\t\t\t\t\t<p data-start=\"117\" data-end=\"374\">Notre <strong data-start=\"123\" data-end=\"147\">camping Les Lavandes<\/strong> est avant tout un <strong data-start=\"166\" data-end=\"184\">lieu convivial<\/strong>, o&ugrave; il fait bon vivre ! Pour que chacun puisse profiter pleinement de son s&eacute;jour, nous proposons une large gamme d?<strong data-start=\"300\" data-end=\"328\">activit&eacute;s et &eacute;quipements<\/strong> adapt&eacute;s aux <strong data-start=\"341\" data-end=\"370\">enfants comme aux parents<\/strong> :<\/p><ul data-start=\"376\" data-end=\"1066\"><li data-section-id=\"1sow1e3\" data-start=\"376\" data-end=\"519\"><p data-start=\"378\" data-end=\"519\"><strong data-start=\"378\" data-end=\"405\">Restauration et d&eacute;tente<\/strong> : snack, <strong data-start=\"415\" data-end=\"452\">service de restauration sur place<\/strong>, bar pour partager un moment convivial entre amis ou en famille.<\/p><\/li><li data-section-id=\"5fem8w\" data-start=\"520\" data-end=\"755\"><p data-start=\"522\" data-end=\"755\"><strong data-start=\"522\" data-end=\"556\">Activit&eacute;s sportives et loisirs<\/strong> : tables de <strong data-start=\"569\" data-end=\"588\">tennis de table<\/strong>, <strong data-start=\"590\" data-end=\"603\">baby-foot<\/strong>, <strong data-start=\"605\" data-end=\"628\">terrain de p&eacute;tanque<\/strong>, <strong data-start=\"630\" data-end=\"641\">billard<\/strong>, et mat&eacute;riel de <strong data-start=\"658\" data-end=\"697\">fitness en plein air (body boomers)<\/strong> pour profiter des loisirs en int&eacute;rieur et en ext&eacute;rieur.<\/p><\/li><li data-section-id=\"1ry9pwb\" data-start=\"756\" data-end=\"899\"><p data-start=\"758\" data-end=\"899\"><strong data-start=\"758\" data-end=\"789\">Moments de calme et culture<\/strong> : biblioth&egrave;que et <strong data-start=\"808\" data-end=\"843\">acc&egrave;s Wi-Fi gratuit et illimit&eacute;<\/strong> pour se d&eacute;tendre ou travailler en toute tranquillit&eacute;.<\/p><\/li><li data-section-id=\"1vwo81x\" data-start=\"900\" data-end=\"1066\"><p data-start=\"902\" data-end=\"1066\"><strong data-start=\"902\" data-end=\"931\">Aire de jeux pour enfants<\/strong> : structures &agrave; grimper, jeux &agrave; ressort, <strong data-start=\"972\" data-end=\"986\">trampoline<\/strong>, pour que vos enfants se d&eacute;pensent en toute s&eacute;curit&eacute; et s?amusent pleinement.<\/p><\/li><\/ul><p data-start=\"1068\" data-end=\"1222\">Au <strong data-start=\"1071\" data-end=\"1108\">Camping Les Lavandes &agrave; Castellane<\/strong>, tout est pens&eacute; pour offrir <strong data-start=\"1137\" data-end=\"1176\">des vacances conviviales et vari&eacute;es<\/strong>, o&ugrave; petits et grands trouvent leur bonheur.<\/p>\t\t\t\t\t\t\t\t<\/div>\n\t\t\t\t<\/div>\n\t\t\t\t\t<\/div>\n\t\t<\/div>\n\t\t\t\t<div class=\"elementor-column elementor-col-50 elementor-top-column elementor-element elementor-element-25b9119\" data-id=\"25b9119\" data-element_type=\"column\">\n\t\t\t<div class=\"elementor-widget-wrap elementor-element-populated\">\n\t\t\t\t\t\t<div class=\"elementor-element elementor-element-5988e5a elementor-invisible elementor-widget elementor-widget-image\" data-id=\"5988e5a\" data-element_type=\"widget\" data-settings='{\"_animation\":\"fadeInRight\"}' data-widget_type=\"image.default\">\n\t\t\t\t<div class=\"elementor-widget-container\">\n\t\t\t\t\t\t\t\t\t\t\t\t\t\t\t<img decoding=\"async\" width=\"800\" height=\"534\" src=\"https:\/\/camping-les-lavandes.com\/wp-content\/uploads\/2021\/11\/IMG_0907-2-1-1024x683.jpg\" class=\"attachment-large size-large wp-image-15066\" alt=\"\" srcset=\"https:\/\/camping-les-lavandes.com\/wp-content\/uploads\/2021\/11\/IMG_0907-2-1-1024x683.jpg 1024w, https:\/\/camping-les-lavandes.com\/wp-content\/uploads\/2021\/11\/IMG_0907-2-1-300x200.jpg 300w, https:\/\/camping-les-lavandes.com\/wp-content\/uploads\/2021\/11\/IMG_0907-2-1-768x512.jpg 768w, https:\/\/camping-les-lavandes.com\/wp-content\/uploads\/2021\/11\/IMG_0907-2-1.jpg 1200w\" sizes=\"(max-width: 800px) 100vw, 800px\">\t\t\t\t\t\t\t\t\t\t\t\t\t\t\t<\/div>\n\t\t\t\t<\/div>\n\t\t\t\t\t<\/div>\n\t\t<\/div>\n\t\t\t\t\t<\/div>\n\t\t<\/section>\n\t\t<div class=\"elementor-element elementor-element-159d798 e-flex e-con-boxed e-con e-parent\" data-id=\"159d798\" data-element_type=\"container\">\n\t\t\t\t\t<div class=\"e-con-inner\">\n\t\t\t\t\t<\/div>\n\t\t\t\t<\/div>\n\t\t\t\t<section class=\"elementor-section elementor-top-section elementor-element elementor-element-dd2c040 elementor-section-full_width elementor-section-height-default elementor-section-height-default\" data-id=\"dd2c040\" data-element_type=\"section\" data-settings='{\"background_background\":\"classic\"}'>\n\t\t\t\t\t\t\t<div class=\"elementor-background-overlay\"><\/div>\n\t\t\t\t\t\t\t<div class=\"elementor-container elementor-column-gap-default\">\n\t\t\t\t\t<div class=\"elementor-column elementor-col-100 elementor-top-column elementor-element elementor-element-c64d8cc\" data-id=\"c64d8cc\" data-element_type=\"column\">\n\t\t\t<div class=\"elementor-widget-wrap elementor-element-populated\">\n\t\t\t\t\t\t<div class=\"elementor-element elementor-element-a51d958 elementor-widget elementor-widget-heading\" data-id=\"a51d958\" data-element_type=\"widget\" data-widget_type=\"heading.default\">\n\t\t\t\t<div class=\"elementor-widget-container\">\n\t\t\t\t\t<p class=\"elementor-heading-title elementor-size-default\">Book your stay at Camping Les Lavandes in Castellane<\/p>\t\t\t\t<\/div>\n\t\t\t\t<\/div>\n\t\t\t\t<div class=\"elementor-element elementor-element-cadb0e2 elementor-widget elementor-widget-text-editor\" data-id=\"cadb0e2\" data-element_type=\"widget\" data-widget_type=\"text-editor.default\">\n\t\t\t\t<div class=\"elementor-widget-container translation-block\">Do you want to get away with your family or friends for a <strong>stay in the Gorges du Verdon<\/strong>? Don't hesitate to <strong>book your holiday<\/strong> at <strong>Camping Les Lavandes<\/strong>, near <strong>Castellane<\/strong>(<strong>04<\/strong>).<\/div>\n\t\t\t\t<\/div>\n\t\t\t\t<div class=\"elementor-element elementor-element-96eb88e elementor-align-center elementor-widget elementor-widget-button\" data-id=\"96eb88e\" data-element_type=\"widget\" data-widget_type=\"button.default\">\n\t\t\t\t<div class=\"elementor-widget-container\">\n\t\t\t\t\t\t\t\t\t<div class=\"elementor-button-wrapper\">\n\t\t\t\t\t<a class=\"elementor-button elementor-button-link elementor-size-sm\" href=\"\/en\/contact\/\">\n\t\t\t\t\t\t<span class=\"elementor-button-content-wrapper\">\n\t\t\t\t\t\t\t\t\t<span class=\"elementor-button-text\">Contact us<\/span>\n\t\t\t\t\t<\/span>\n\t\t\t\t\t<\/a>\n\t\t\t\t<\/div>\n\t\t\t\t\t\t\t\t<\/div>\n\t\t\t\t<\/div>\n\t\t\t\t\t<\/div>\n\t\t<\/div>\n\t\t\t\t\t<\/div>\n\t\t<\/section>\n\t\t\t\t<\/div>","protected":false},"excerpt":{"rendered":"<p>D&eacute;couvrez le camping les lavandes : camping 2 &eacute;toiles &agrave; Castellane (04) R&eacute;servez votre s&eacute;jour ! Dans un&nbsp;&eacute;crin de verdure, entour&eacute; de&nbsp;montagnes&nbsp;et de&nbsp;for&ecirc;ts, &agrave; proximit&eacute; directe du village de&nbsp;Castellane&nbsp;et non loin du&nbsp;Lac de Castillon, venez passer vos&nbsp;vacances&nbsp;au&nbsp;Camping Les Lavandes, dans les&nbsp;Gorges du Verdon. Un camping familial au c?ur des Alpes-de-Haute-Provence Rien de tel pour se [&hellip;]<\/p>","protected":false},"author":1,"featured_media":0,"parent":0,"menu_order":0,"comment_status":"closed","ping_status":"closed","template":"elementor_header_footer","meta":{"_acf_changed":false,"footnotes":""},"class_list":["post-13860","page","type-page","status-publish","hentry"],"acf":[],"yoast_head":"<!-- This site is optimized with the Yoast SEO plugin v24.8.1 - https:\/\/yoast.com\/wordpress\/plugins\/seo\/ -->\n<title>Le camping - Camping les Lavandes<\/title>\n<meta name=\"robots\" content=\"index, follow, max-snippet:-1, max-image-preview:large, max-video-preview:-1\" \/>\n<link rel=\"canonical\" href=\"https:\/\/camping-les-lavandes.com\/en\/le-camping\/\" \/>\n<meta property=\"og:locale\" content=\"en_GB\" \/>\n<meta property=\"og:type\" content=\"article\" \/>\n<meta property=\"og:title\" content=\"Le camping - Camping les Lavandes\" \/>\n<meta property=\"og:description\" content=\"D\u00e9couvrez le camping les lavandes : camping 2 \u00e9toiles \u00e0 Castellane (04) R\u00e9servez votre s\u00e9jour ! Dans un\u00a0\u00e9crin de verdure, entour\u00e9 de\u00a0montagnes\u00a0et de\u00a0for\u00eats, \u00e0 proximit\u00e9 directe du village de\u00a0Castellane\u00a0et non loin du\u00a0Lac de Castillon, venez passer vos\u00a0vacances\u00a0au\u00a0Camping Les Lavandes, dans les\u00a0Gorges du Verdon. Un camping familial au c\u0153ur des Alpes-de-Haute-Provence Rien de tel pour se [&hellip;]\" \/>\n<meta property=\"og:url\" content=\"https:\/\/camping-les-lavandes.com\/en\/le-camping\/\" \/>\n<meta property=\"og:site_name\" content=\"Camping les lavandes\" \/>\n<meta property=\"article:modified_time\" content=\"2026-03-14T14:52:38+00:00\" \/>\n<meta property=\"og:image\" content=\"https:\/\/camping-les-lavandes.com\/wp-content\/uploads\/2021\/11\/IMG_0925-2-1.jpg\" \/>\n\t<meta property=\"og:image:width\" content=\"1200\" \/>\n\t<meta property=\"og:image:height\" content=\"800\" \/>\n\t<meta property=\"og:image:type\" content=\"image\/jpeg\" \/>\n<meta name=\"twitter:card\" content=\"summary_large_image\" \/>\n<meta name=\"twitter:label1\" content=\"Estimated reading time\" \/>\n\t<meta name=\"twitter:data1\" content=\"3 minutes\" \/>\n<script type=\"application\/ld+json\" class=\"yoast-schema-graph\">{\"@context\":\"https:\/\/schema.org\",\"@graph\":[{\"@type\":\"WebPage\",\"@id\":\"https:\/\/camping-les-lavandes.com\/le-camping\/\",\"url\":\"https:\/\/camping-les-lavandes.com\/le-camping\/\",\"name\":\"Le camping - Camping les Lavandes\",\"isPartOf\":{\"@id\":\"https:\/\/camping-les-lavandes.com\/#website\"},\"primaryImageOfPage\":{\"@id\":\"https:\/\/camping-les-lavandes.com\/le-camping\/#primaryimage\"},\"image\":{\"@id\":\"https:\/\/camping-les-lavandes.com\/le-camping\/#primaryimage\"},\"thumbnailUrl\":\"https:\/\/camping-les-lavandes.com\/wp-content\/uploads\/2021\/11\/IMG_0925-2-1-1024x683.jpg\",\"datePublished\":\"2020-10-14T13:27:50+00:00\",\"dateModified\":\"2026-03-14T14:52:38+00:00\",\"breadcrumb\":{\"@id\":\"https:\/\/camping-les-lavandes.com\/le-camping\/#breadcrumb\"},\"inLanguage\":\"en-GB\",\"potentialAction\":[{\"@type\":\"ReadAction\",\"target\":[\"https:\/\/camping-les-lavandes.com\/le-camping\/\"]}]},{\"@type\":\"ImageObject\",\"inLanguage\":\"en-GB\",\"@id\":\"https:\/\/camping-les-lavandes.com\/le-camping\/#primaryimage\",\"url\":\"https:\/\/camping-les-lavandes.com\/wp-content\/uploads\/2021\/11\/IMG_0925-2-1-1024x683.jpg\",\"contentUrl\":\"https:\/\/camping-les-lavandes.com\/wp-content\/uploads\/2021\/11\/IMG_0925-2-1-1024x683.jpg\"},{\"@type\":\"BreadcrumbList\",\"@id\":\"https:\/\/camping-les-lavandes.com\/le-camping\/#breadcrumb\",\"itemListElement\":[{\"@type\":\"ListItem\",\"position\":1,\"name\":\"Accueil\",\"item\":\"https:\/\/camping-les-lavandes.com\/\"},{\"@type\":\"ListItem\",\"position\":2,\"name\":\"Le camping\"}]},{\"@type\":\"WebSite\",\"@id\":\"https:\/\/camping-les-lavandes.com\/#website\",\"url\":\"https:\/\/camping-les-lavandes.com\/\",\"name\":\"Camping les lavandes\",\"description\":\"Camping deux \u00e9toiles \u00e0 Castellane\",\"publisher\":{\"@id\":\"https:\/\/camping-les-lavandes.com\/#organization\"},\"potentialAction\":[{\"@type\":\"SearchAction\",\"target\":{\"@type\":\"EntryPoint\",\"urlTemplate\":\"https:\/\/camping-les-lavandes.com\/?s={search_term_string}\"},\"query-input\":{\"@type\":\"PropertyValueSpecification\",\"valueRequired\":true,\"valueName\":\"search_term_string\"}}],\"inLanguage\":\"en-GB\"},{\"@type\":\"Organization\",\"@id\":\"https:\/\/camping-les-lavandes.com\/#organization\",\"name\":\"Camping les lavandes\",\"url\":\"https:\/\/camping-les-lavandes.com\/\",\"logo\":{\"@type\":\"ImageObject\",\"inLanguage\":\"en-GB\",\"@id\":\"https:\/\/camping-les-lavandes.com\/#\/schema\/logo\/image\/\",\"url\":\"https:\/\/camping-les-lavandes.com\/wp-content\/uploads\/2022\/04\/big-logo-camping-les-lavandes-2.png\",\"contentUrl\":\"https:\/\/camping-les-lavandes.com\/wp-content\/uploads\/2022\/04\/big-logo-camping-les-lavandes-2.png\",\"width\":267,\"height\":376,\"caption\":\"Camping les lavandes\"},\"image\":{\"@id\":\"https:\/\/camping-les-lavandes.com\/#\/schema\/logo\/image\/\"}}]}<\/script>\n<!-- \/ Yoast SEO plugin. -->","yoast_head_json":{"title":"Le camping - Camping les Lavandes","robots":{"index":"index","follow":"follow","max-snippet":"max-snippet:-1","max-image-preview":"max-image-preview:large","max-video-preview":"max-video-preview:-1"},"canonical":"https:\/\/camping-les-lavandes.com\/en\/le-camping\/","og_locale":"en_GB","og_type":"article","og_title":"Le camping - Camping les Lavandes","og_description":"D\u00e9couvrez le camping les lavandes : camping 2 \u00e9toiles \u00e0 Castellane (04) R\u00e9servez votre s\u00e9jour ! Dans un\u00a0\u00e9crin de verdure, entour\u00e9 de\u00a0montagnes\u00a0et de\u00a0for\u00eats, \u00e0 proximit\u00e9 directe du village de\u00a0Castellane\u00a0et non loin du\u00a0Lac de Castillon, venez passer vos\u00a0vacances\u00a0au\u00a0Camping Les Lavandes, dans les\u00a0Gorges du Verdon. Un camping familial au c\u0153ur des Alpes-de-Haute-Provence Rien de tel pour se [&hellip;]","og_url":"https:\/\/camping-les-lavandes.com\/en\/le-camping\/","og_site_name":"Camping les lavandes","article_modified_time":"2026-03-14T14:52:38+00:00","og_image":[{"width":1200,"height":800,"url":"https:\/\/camping-les-lavandes.com\/wp-content\/uploads\/2021\/11\/IMG_0925-2-1.jpg","type":"image\/jpeg"}],"twitter_card":"summary_large_image","twitter_misc":{"Estimated reading time":"3 minutes"},"schema":{"@context":"https:\/\/schema.org","@graph":[{"@type":"WebPage","@id":"https:\/\/camping-les-lavandes.com\/le-camping\/","url":"https:\/\/camping-les-lavandes.com\/le-camping\/","name":"Le camping - Camping les Lavandes","isPartOf":{"@id":"https:\/\/camping-les-lavandes.com\/#website"},"primaryImageOfPage":{"@id":"https:\/\/camping-les-lavandes.com\/le-camping\/#primaryimage"},"image":{"@id":"https:\/\/camping-les-lavandes.com\/le-camping\/#primaryimage"},"thumbnailUrl":"https:\/\/camping-les-lavandes.com\/wp-content\/uploads\/2021\/11\/IMG_0925-2-1-1024x683.jpg","datePublished":"2020-10-14T13:27:50+00:00","dateModified":"2026-03-14T14:52:38+00:00","breadcrumb":{"@id":"https:\/\/camping-les-lavandes.com\/le-camping\/#breadcrumb"},"inLanguage":"en-GB","potentialAction":[{"@type":"ReadAction","target":["https:\/\/camping-les-lavandes.com\/le-camping\/"]}]},{"@type":"ImageObject","inLanguage":"en-GB","@id":"https:\/\/camping-les-lavandes.com\/le-camping\/#primaryimage","url":"https:\/\/camping-les-lavandes.com\/wp-content\/uploads\/2021\/11\/IMG_0925-2-1-1024x683.jpg","contentUrl":"https:\/\/camping-les-lavandes.com\/wp-content\/uploads\/2021\/11\/IMG_0925-2-1-1024x683.jpg"},{"@type":"BreadcrumbList","@id":"https:\/\/camping-les-lavandes.com\/le-camping\/#breadcrumb","itemListElement":[{"@type":"ListItem","position":1,"name":"Accueil","item":"https:\/\/camping-les-lavandes.com\/"},{"@type":"ListItem","position":2,"name":"Le camping"}]},{"@type":"WebSite","@id":"https:\/\/camping-les-lavandes.com\/#website","url":"https:\/\/camping-les-lavandes.com\/","name":"Camping les lavandes","description":"Camping deux \u00e9toiles \u00e0 Castellane","publisher":{"@id":"https:\/\/camping-les-lavandes.com\/#organization"},"potentialAction":[{"@type":"SearchAction","target":{"@type":"EntryPoint","urlTemplate":"https:\/\/camping-les-lavandes.com\/?s={search_term_string}"},"query-input":{"@type":"PropertyValueSpecification","valueRequired":true,"valueName":"search_term_string"}}],"inLanguage":"en-GB"},{"@type":"Organization","@id":"https:\/\/camping-les-lavandes.com\/#organization","name":"Camping les lavandes","url":"https:\/\/camping-les-lavandes.com\/","logo":{"@type":"ImageObject","inLanguage":"en-GB","@id":"https:\/\/camping-les-lavandes.com\/#\/schema\/logo\/image\/","url":"https:\/\/camping-les-lavandes.com\/wp-content\/uploads\/2022\/04\/big-logo-camping-les-lavandes-2.png","contentUrl":"https:\/\/camping-les-lavandes.com\/wp-content\/uploads\/2022\/04\/big-logo-camping-les-lavandes-2.png","width":267,"height":376,"caption":"Camping les lavandes"},"image":{"@id":"https:\/\/camping-les-lavandes.com\/#\/schema\/logo\/image\/"}}]}},"_links":{"self":[{"href":"https:\/\/camping-les-lavandes.com\/en\/wp-json\/wp\/v2\/pages\/13860","targetHints":{"allow":["GET"]}}],"collection":[{"href":"https:\/\/camping-les-lavandes.com\/en\/wp-json\/wp\/v2\/pages"}],"about":[{"href":"https:\/\/camping-les-lavandes.com\/en\/wp-json\/wp\/v2\/types\/page"}],"author":[{"embeddable":true,"href":"https:\/\/camping-les-lavandes.com\/en\/wp-json\/wp\/v2\/users\/1"}],"replies":[{"embeddable":true,"href":"https:\/\/camping-les-lavandes.com\/en\/wp-json\/wp\/v2\/comments?post=13860"}],"version-history":[{"count":73,"href":"https:\/\/camping-les-lavandes.com\/en\/wp-json\/wp\/v2\/pages\/13860\/revisions"}],"predecessor-version":[{"id":16288,"href":"https:\/\/camping-les-lavandes.com\/en\/wp-json\/wp\/v2\/pages\/13860\/revisions\/16288"}],"wp:attachment":[{"href":"https:\/\/camping-les-lavandes.com\/en\/wp-json\/wp\/v2\/media?parent=13860"}],"curies":[{"name":"wp","href":"https:\/\/api.w.org\/{rel}","templated":true}]}}