{"id":14957,"date":"2021-08-06T10:39:56","date_gmt":"2021-08-06T08:39:56","guid":{"rendered":"https:\/\/leslavandes.adexodev.com\/?page_id=14957"},"modified":"2026-03-13T17:47:10","modified_gmt":"2026-03-13T16:47:10","slug":"reservation","status":"publish","type":"page","link":"https:\/\/camping-les-lavandes.com\/en\/reservation\/","title":{"rendered":"<p>Booking<\/p>"},"content":{"rendered":"<div data-elementor-type=\"wp-page\" data-elementor-id=\"14957\" class=\"elementor elementor-14957\" data-elementor-post-type=\"page\">\n\t\t\t\t\t\t<section class=\"elementor-section elementor-top-section elementor-element elementor-element-b5e58a3 elementor-section-height-min-height elementor-section-content-middle elementor-section-boxed elementor-section-height-default elementor-section-items-middle\" data-id=\"b5e58a3\" data-element_type=\"section\" data-settings='{\"background_background\":\"classic\"}'>\n\t\t\t\t\t\t\t<div class=\"elementor-background-overlay\"><\/div>\n\t\t\t\t\t\t\t<div class=\"elementor-container elementor-column-gap-default\">\n\t\t\t\t\t<div class=\"elementor-column elementor-col-100 elementor-top-column elementor-element elementor-element-1adf92d\" data-id=\"1adf92d\" data-element_type=\"column\">\n\t\t\t<div class=\"elementor-widget-wrap elementor-element-populated\">\n\t\t\t\t\t\t<div class=\"elementor-element elementor-element-9470907 elementor-widget elementor-widget-heading\" data-id=\"9470907\" data-element_type=\"widget\" data-widget_type=\"heading.default\">\n\t\t\t\t<div class=\"elementor-widget-container\">\n\t\t\t\t\t<p class=\"elementor-heading-title elementor-size-default\">book your stay in the gorges du verdon<\/p>\t\t\t\t<\/div>\n\t\t\t\t<\/div>\n\t\t\t\t<div class=\"elementor-element elementor-element-cd22d92 ee-breadcrumbs-align-center elementor-widget elementor-widget-ee-breadcrumbs\" data-id=\"cd22d92\" data-element_type=\"widget\" data-widget_type=\"ee-breadcrumbs.default\">\n\t\t\t\t<div class=\"elementor-widget-container\">\n\t\t\t\t\t<ul class=\"ee-breadcrumbs\" itemscope=\"\" itemtype=\"http:\/\/schema.org\/BreadcrumbList\"><\/ul>\t\t\t\t<\/div>\n\t\t\t\t<\/div>\n\t\t\t\t<div class=\"elementor-element elementor-element-e4bf058 elementor-widget elementor-widget-text-editor\" data-id=\"e4bf058\" data-element_type=\"widget\" data-widget_type=\"text-editor.default\">\n\t\t\t\t<div class=\"elementor-widget-container\">\n\t\t\t\t\t\t\t\t\t<p>To find out about availability and rates, simply simulate a reservation.<\/p>\t\t\t\t\t\t\t\t<\/div>\n\t\t\t\t<\/div>\n\t\t\t\t<div class=\"elementor-element elementor-element-f2e3f37 elementor-align-center elementor-widget elementor-widget-button\" data-id=\"f2e3f37\" data-element_type=\"widget\" data-widget_type=\"button.default\">\n\t\t\t\t<div class=\"elementor-widget-container\">\n\t\t\t\t\t\t\t\t\t<div class=\"elementor-button-wrapper\">\n\t\t\t\t\t<a class=\"elementor-button elementor-button-link elementor-size-sm\" href=\"\/en\/Prices (*)\/\" target=\"_blank\" rel=\"nofollow\">\n\t\t\t\t\t\t<span class=\"elementor-button-content-wrapper\">\n\t\t\t\t\t\t\t\t\t<span class=\"elementor-button-text\">book your stay in the gorges du verdon<\/span>\n\t\t\t\t\t<\/span>\n\t\t\t\t\t<\/a>\n\t\t\t\t<\/div>\n\t\t\t\t\t\t\t\t<\/div>\n\t\t\t\t<\/div>\n\t\t\t\t\t<\/div>\n\t\t<\/div>\n\t\t\t\t\t<\/div>\n\t\t<\/section>\n\t\t\t\t<section class=\"elementor-section elementor-top-section elementor-element elementor-element-1d72c83 elementor-section-full_width elementor-section-height-default elementor-section-height-default\" data-id=\"1d72c83\" data-element_type=\"section\">\n\t\t\t\t\t\t<div class=\"elementor-container elementor-column-gap-no\">\n\t\t\t\t\t<div class=\"elementor-column elementor-col-50 elementor-top-column elementor-element elementor-element-ca84276\" data-id=\"ca84276\" data-element_type=\"column\">\n\t\t\t<div class=\"elementor-widget-wrap elementor-element-populated\">\n\t\t\t\t\t\t<div class=\"elementor-element elementor-element-bfe73cc elementor-widget elementor-widget-text-editor\" data-id=\"bfe73cc\" data-element_type=\"widget\" data-widget_type=\"text-editor.default\">\n\t\t\t\t<div class=\"elementor-widget-container\">\n\t\t\t\t\t\t\t\t\t<p class=\"translation-block\">Want to <strong>get away<\/strong>? To <strong>relax<\/strong>, <strong>under the sun<\/strong>, listening to the <strong>cicadas<\/strong> sing? To discover <strong>magnificent panoramas<\/strong>? To <strong>meet new people<\/strong> and share <strong>unforgettable moments<\/strong>?<\/p><p class=\"translation-block\">Our campsite has <span style=\"font-weight: bolder\">relaxation areas<\/span>, <span style=\"font-weight: bolder\">play areas for children<\/span>, an <span style=\"font-weight: bolder\">catering service<\/span> on site and all the essential equipment for your <span style=\"font-weight: bolder\">comfort<\/span>.<\/p><p class=\"translation-block\"><span>The tents are equipped with the<\/span><strong style=\")\"> <\/strong><span>necessary for your stay<\/span><span>(<\/span><span> <\/span><strong>fridge<\/strong><span>, <\/span><strong>coffee pot<\/strong><span>, <b>dishes<\/b><\/span><span>)<\/span><\/p><h4><b><u>Groups<\/u><\/b><\/h4><p class=\"translation-block\">For <b>groups<\/b> - accepted under conditions - please contact us before booking, we can offer you interesting packages, for example with <b>breakfast or half board<\/b>.<\/p><h4><span style=\"font-weight: bold;\"><u>VACAF<\/u><\/span><\/h4><p>Si vous b&eacute;n&eacute;ficiez d&rsquo;aides <b>VACAF<\/b>, il faut nous envoyer un&nbsp;<a href=\"mailto:contact@camping-les-lavandes.com?Subject=Demande%20de%20devis%20VACAF\" target=\"_blank\" rel=\"noopener\"><b>mail&nbsp;<\/b><\/a>avec les informations suivantes afin de pouvoir vous faire un devis avec la prise en charge de la CAF:<\/p><ul><li>Votre adresse compl&egrave;te<\/li><li><span style=\"color: var( --e-global-color-text );\">Votre num&eacute;ro d?allocataire<\/span><\/li><li><span style=\"color: var( --e-global-color-text );\">Les dates d&eacute;sir&eacute;es<\/span><\/li><li><span style=\"color: var( --e-global-color-text );\">Le nombre de personnes (adultes, enfants)&nbsp;<\/span><\/li><\/ul>\t\t\t\t\t\t\t\t<\/div>\n\t\t\t\t<\/div>\n\t\t\t\t\t<\/div>\n\t\t<\/div>\n\t\t\t\t<div class=\"elementor-column elementor-col-50 elementor-top-column elementor-element elementor-element-233457e\" data-id=\"233457e\" data-element_type=\"column\">\n\t\t\t<div class=\"elementor-widget-wrap elementor-element-populated\">\n\t\t\t\t\t\t<div class=\"elementor-element elementor-element-0444267 elementor-invisible elementor-widget elementor-widget-image\" data-id=\"0444267\" data-element_type=\"widget\" data-settings='{\"_animation\":\"fadeInRight\"}' data-widget_type=\"image.default\">\n\t\t\t\t<div class=\"elementor-widget-container\">\n\t\t\t\t\t\t\t\t\t\t\t\t\t\t\t<img fetchpriority=\"high\" decoding=\"async\" width=\"800\" height=\"516\" src=\"https:\/\/camping-les-lavandes.com\/wp-content\/uploads\/2021\/08\/lavandesallee-1024x660.jpg\" class=\"attachment-large size-large wp-image-14996\" alt=\"\" srcset=\"https:\/\/camping-les-lavandes.com\/wp-content\/uploads\/2021\/08\/lavandesallee-1024x660.jpg 1024w, https:\/\/camping-les-lavandes.com\/wp-content\/uploads\/2021\/08\/lavandesallee-300x193.jpg 300w, https:\/\/camping-les-lavandes.com\/wp-content\/uploads\/2021\/08\/lavandesallee-768x495.jpg 768w, https:\/\/camping-les-lavandes.com\/wp-content\/uploads\/2021\/08\/lavandesallee.jpg 1250w\" sizes=\"(max-width: 800px) 100vw, 800px\">\t\t\t\t\t\t\t\t\t\t\t\t\t\t\t<\/div>\n\t\t\t\t<\/div>\n\t\t\t\t<div class=\"elementor-element elementor-element-54a9eb5 elementor-widget elementor-widget-heading\" data-id=\"54a9eb5\" data-element_type=\"widget\" data-widget_type=\"heading.default\">\n\t\t\t\t<div class=\"elementor-widget-container\">\n\t\t\t\t\t<p class=\"elementor-heading-title elementor-size-default\"><a href=\"\/en\/Prices (*)\/\" target=\"_blank\">Book your vacations here<\/a><\/p>\t\t\t\t<\/div>\n\t\t\t\t<\/div>\n\t\t\t\t\t<\/div>\n\t\t<\/div>\n\t\t\t\t\t<\/div>\n\t\t<\/section>\n\t\t\t\t<section class=\"elementor-section elementor-top-section elementor-element elementor-element-fbebb4a elementor-section-full_width elementor-section-height-min-height elementor-section-height-default elementor-section-items-middle\" data-id=\"fbebb4a\" data-element_type=\"section\" data-settings='{\"background_background\":\"classic\"}'>\n\t\t\t\t\t\t\t<div class=\"elementor-background-overlay\"><\/div>\n\t\t\t\t\t\t\t<div class=\"elementor-container elementor-column-gap-default\">\n\t\t\t\t\t<div class=\"elementor-column elementor-col-100 elementor-top-column elementor-element elementor-element-7ab9497\" data-id=\"7ab9497\" data-element_type=\"column\">\n\t\t\t<div class=\"elementor-widget-wrap elementor-element-populated\">\n\t\t\t\t\t\t<div class=\"elementor-element elementor-element-d77add0 elementor-widget elementor-widget-heading\" data-id=\"d77add0\" data-element_type=\"widget\" data-widget_type=\"heading.default\">\n\t\t\t\t<div class=\"elementor-widget-container\">\n\t\t\t\t\t<p class=\"elementor-heading-title elementor-size-default\">You want to know more!<\/p>\t\t\t\t<\/div>\n\t\t\t\t<\/div>\n\t\t\t\t<div class=\"elementor-element elementor-element-534518d elementor-widget elementor-widget-text-editor\" data-id=\"534518d\" data-element_type=\"widget\" data-widget_type=\"text-editor.default\">\n\t\t\t\t<div class=\"elementor-widget-container\">\n\t\t\t\t\t\t\t\t\t<p>Do not hesitate any longer ! Contact us now!<\/p>\t\t\t\t\t\t\t\t<\/div>\n\t\t\t\t<\/div>\n\t\t\t\t<div class=\"elementor-element elementor-element-317fef6 elementor-align-center elementor-widget elementor-widget-button\" data-id=\"317fef6\" data-element_type=\"widget\" data-widget_type=\"button.default\">\n\t\t\t\t<div class=\"elementor-widget-container\">\n\t\t\t\t\t\t\t\t\t<div class=\"elementor-button-wrapper\">\n\t\t\t\t\t<a class=\"elementor-button elementor-button-link elementor-size-sm\" href=\"\/en\/contact\/\">\n\t\t\t\t\t\t<span class=\"elementor-button-content-wrapper\">\n\t\t\t\t\t\t\t\t\t<span class=\"elementor-button-text\">Contact us<\/span>\n\t\t\t\t\t<\/span>\n\t\t\t\t\t<\/a>\n\t\t\t\t<\/div>\n\t\t\t\t\t\t\t\t<\/div>\n\t\t\t\t<\/div>\n\t\t\t\t\t<\/div>\n\t\t<\/div>\n\t\t\t\t\t<\/div>\n\t\t<\/section>\n\t\t\t\t<\/div>","protected":false},"excerpt":{"rendered":"<p>r&eacute;servez votre s&eacute;jour dans les gorges du verdon Pour connaitre les disponibilit&eacute;s et les tarifs, simuler simplement une r&eacute;servation. R&eacute;servez votre s&eacute;jour ! Envie de&nbsp;vous &eacute;vader&nbsp;? De&nbsp;vous relaxer,&nbsp;sous le soleil&nbsp;? De d&eacute;couvrir des&nbsp;panoramas magnifiques&nbsp;? De faire de&nbsp;nouvelles rencontres&nbsp;et partager des&nbsp;moments inoubliables&nbsp;? Notre camping dispose d?aires de d&eacute;tente, d?aires de jeu pour les enfants, d?un&nbsp;service de [&hellip;]<\/p>","protected":false},"author":1,"featured_media":0,"parent":0,"menu_order":0,"comment_status":"closed","ping_status":"closed","template":"elementor_header_footer","meta":{"_acf_changed":false,"footnotes":""},"class_list":["post-14957","page","type-page","status-publish","hentry"],"acf":[],"yoast_head":"<!-- This site is optimized with the Yoast SEO plugin v24.8.1 - https:\/\/yoast.com\/wordpress\/plugins\/seo\/ -->\n<title>R\u00e9servation - Camping les Lavandes<\/title>\n<meta name=\"robots\" content=\"index, follow, max-snippet:-1, max-image-preview:large, max-video-preview:-1\" \/>\n<link rel=\"canonical\" href=\"https:\/\/camping-les-lavandes.com\/en\/reservation\/\" \/>\n<meta property=\"og:locale\" content=\"en_GB\" \/>\n<meta property=\"og:type\" content=\"article\" \/>\n<meta property=\"og:title\" content=\"R\u00e9servation - Camping les Lavandes\" \/>\n<meta property=\"og:description\" content=\"r\u00e9servez votre s\u00e9jour dans les gorges du verdon Pour connaitre les disponibilit\u00e9s et les tarifs, simuler simplement une r\u00e9servation. R\u00e9servez votre s\u00e9jour ! Envie de\u00a0vous \u00e9vader\u00a0? De\u00a0vous relaxer,\u00a0sous le soleil\u00a0? De d\u00e9couvrir des\u00a0panoramas magnifiques\u00a0? De faire de\u00a0nouvelles rencontres\u00a0et partager des\u00a0moments inoubliables\u00a0? Notre camping dispose d\u2019aires de d\u00e9tente, d\u2019aires de jeu pour les enfants, d\u2019un\u00a0service de [&hellip;]\" \/>\n<meta property=\"og:url\" content=\"https:\/\/camping-les-lavandes.com\/en\/reservation\/\" \/>\n<meta property=\"og:site_name\" content=\"Camping les lavandes\" \/>\n<meta property=\"article:modified_time\" content=\"2026-03-13T16:47:10+00:00\" \/>\n<meta property=\"og:image\" content=\"https:\/\/camping-les-lavandes.com\/wp-content\/uploads\/2021\/08\/lavandesallee.jpg\" \/>\n\t<meta property=\"og:image:width\" content=\"1250\" \/>\n\t<meta property=\"og:image:height\" content=\"806\" \/>\n\t<meta property=\"og:image:type\" content=\"image\/jpeg\" \/>\n<meta name=\"twitter:card\" content=\"summary_large_image\" \/>\n<meta name=\"twitter:label1\" content=\"Estimated reading time\" \/>\n\t<meta name=\"twitter:data1\" content=\"2 minutes\" \/>\n<script type=\"application\/ld+json\" class=\"yoast-schema-graph\">{\"@context\":\"https:\/\/schema.org\",\"@graph\":[{\"@type\":\"WebPage\",\"@id\":\"https:\/\/camping-les-lavandes.com\/reservation\/\",\"url\":\"https:\/\/camping-les-lavandes.com\/reservation\/\",\"name\":\"R\u00e9servation - Camping les Lavandes\",\"isPartOf\":{\"@id\":\"https:\/\/camping-les-lavandes.com\/#website\"},\"primaryImageOfPage\":{\"@id\":\"https:\/\/camping-les-lavandes.com\/reservation\/#primaryimage\"},\"image\":{\"@id\":\"https:\/\/camping-les-lavandes.com\/reservation\/#primaryimage\"},\"thumbnailUrl\":\"https:\/\/camping-les-lavandes.com\/wp-content\/uploads\/2021\/08\/lavandesallee-1024x660.jpg\",\"datePublished\":\"2021-08-06T08:39:56+00:00\",\"dateModified\":\"2026-03-13T16:47:10+00:00\",\"breadcrumb\":{\"@id\":\"https:\/\/camping-les-lavandes.com\/reservation\/#breadcrumb\"},\"inLanguage\":\"en-GB\",\"potentialAction\":[{\"@type\":\"ReadAction\",\"target\":[\"https:\/\/camping-les-lavandes.com\/reservation\/\"]}]},{\"@type\":\"ImageObject\",\"inLanguage\":\"en-GB\",\"@id\":\"https:\/\/camping-les-lavandes.com\/reservation\/#primaryimage\",\"url\":\"https:\/\/camping-les-lavandes.com\/wp-content\/uploads\/2021\/08\/lavandesallee-1024x660.jpg\",\"contentUrl\":\"https:\/\/camping-les-lavandes.com\/wp-content\/uploads\/2021\/08\/lavandesallee-1024x660.jpg\"},{\"@type\":\"BreadcrumbList\",\"@id\":\"https:\/\/camping-les-lavandes.com\/reservation\/#breadcrumb\",\"itemListElement\":[{\"@type\":\"ListItem\",\"position\":1,\"name\":\"Accueil\",\"item\":\"https:\/\/camping-les-lavandes.com\/\"},{\"@type\":\"ListItem\",\"position\":2,\"name\":\"R\u00e9servation\"}]},{\"@type\":\"WebSite\",\"@id\":\"https:\/\/camping-les-lavandes.com\/#website\",\"url\":\"https:\/\/camping-les-lavandes.com\/\",\"name\":\"Camping les lavandes\",\"description\":\"Camping deux \u00e9toiles \u00e0 Castellane\",\"publisher\":{\"@id\":\"https:\/\/camping-les-lavandes.com\/#organization\"},\"potentialAction\":[{\"@type\":\"SearchAction\",\"target\":{\"@type\":\"EntryPoint\",\"urlTemplate\":\"https:\/\/camping-les-lavandes.com\/?s={search_term_string}\"},\"query-input\":{\"@type\":\"PropertyValueSpecification\",\"valueRequired\":true,\"valueName\":\"search_term_string\"}}],\"inLanguage\":\"en-GB\"},{\"@type\":\"Organization\",\"@id\":\"https:\/\/camping-les-lavandes.com\/#organization\",\"name\":\"Camping les lavandes\",\"url\":\"https:\/\/camping-les-lavandes.com\/\",\"logo\":{\"@type\":\"ImageObject\",\"inLanguage\":\"en-GB\",\"@id\":\"https:\/\/camping-les-lavandes.com\/#\/schema\/logo\/image\/\",\"url\":\"https:\/\/camping-les-lavandes.com\/wp-content\/uploads\/2022\/04\/big-logo-camping-les-lavandes-2.png\",\"contentUrl\":\"https:\/\/camping-les-lavandes.com\/wp-content\/uploads\/2022\/04\/big-logo-camping-les-lavandes-2.png\",\"width\":267,\"height\":376,\"caption\":\"Camping les lavandes\"},\"image\":{\"@id\":\"https:\/\/camping-les-lavandes.com\/#\/schema\/logo\/image\/\"}}]}<\/script>\n<!-- \/ Yoast SEO plugin. -->","yoast_head_json":{"title":"R\u00e9servation - Camping les Lavandes","robots":{"index":"index","follow":"follow","max-snippet":"max-snippet:-1","max-image-preview":"max-image-preview:large","max-video-preview":"max-video-preview:-1"},"canonical":"https:\/\/camping-les-lavandes.com\/en\/reservation\/","og_locale":"en_GB","og_type":"article","og_title":"R\u00e9servation - Camping les Lavandes","og_description":"r\u00e9servez votre s\u00e9jour dans les gorges du verdon Pour connaitre les disponibilit\u00e9s et les tarifs, simuler simplement une r\u00e9servation. R\u00e9servez votre s\u00e9jour ! Envie de\u00a0vous \u00e9vader\u00a0? De\u00a0vous relaxer,\u00a0sous le soleil\u00a0? De d\u00e9couvrir des\u00a0panoramas magnifiques\u00a0? De faire de\u00a0nouvelles rencontres\u00a0et partager des\u00a0moments inoubliables\u00a0? Notre camping dispose d\u2019aires de d\u00e9tente, d\u2019aires de jeu pour les enfants, d\u2019un\u00a0service de [&hellip;]","og_url":"https:\/\/camping-les-lavandes.com\/en\/reservation\/","og_site_name":"Camping les lavandes","article_modified_time":"2026-03-13T16:47:10+00:00","og_image":[{"width":1250,"height":806,"url":"https:\/\/camping-les-lavandes.com\/wp-content\/uploads\/2021\/08\/lavandesallee.jpg","type":"image\/jpeg"}],"twitter_card":"summary_large_image","twitter_misc":{"Estimated reading time":"2 minutes"},"schema":{"@context":"https:\/\/schema.org","@graph":[{"@type":"WebPage","@id":"https:\/\/camping-les-lavandes.com\/reservation\/","url":"https:\/\/camping-les-lavandes.com\/reservation\/","name":"R\u00e9servation - Camping les Lavandes","isPartOf":{"@id":"https:\/\/camping-les-lavandes.com\/#website"},"primaryImageOfPage":{"@id":"https:\/\/camping-les-lavandes.com\/reservation\/#primaryimage"},"image":{"@id":"https:\/\/camping-les-lavandes.com\/reservation\/#primaryimage"},"thumbnailUrl":"https:\/\/camping-les-lavandes.com\/wp-content\/uploads\/2021\/08\/lavandesallee-1024x660.jpg","datePublished":"2021-08-06T08:39:56+00:00","dateModified":"2026-03-13T16:47:10+00:00","breadcrumb":{"@id":"https:\/\/camping-les-lavandes.com\/reservation\/#breadcrumb"},"inLanguage":"en-GB","potentialAction":[{"@type":"ReadAction","target":["https:\/\/camping-les-lavandes.com\/reservation\/"]}]},{"@type":"ImageObject","inLanguage":"en-GB","@id":"https:\/\/camping-les-lavandes.com\/reservation\/#primaryimage","url":"https:\/\/camping-les-lavandes.com\/wp-content\/uploads\/2021\/08\/lavandesallee-1024x660.jpg","contentUrl":"https:\/\/camping-les-lavandes.com\/wp-content\/uploads\/2021\/08\/lavandesallee-1024x660.jpg"},{"@type":"BreadcrumbList","@id":"https:\/\/camping-les-lavandes.com\/reservation\/#breadcrumb","itemListElement":[{"@type":"ListItem","position":1,"name":"Accueil","item":"https:\/\/camping-les-lavandes.com\/"},{"@type":"ListItem","position":2,"name":"R\u00e9servation"}]},{"@type":"WebSite","@id":"https:\/\/camping-les-lavandes.com\/#website","url":"https:\/\/camping-les-lavandes.com\/","name":"Camping les lavandes","description":"Camping deux \u00e9toiles \u00e0 Castellane","publisher":{"@id":"https:\/\/camping-les-lavandes.com\/#organization"},"potentialAction":[{"@type":"SearchAction","target":{"@type":"EntryPoint","urlTemplate":"https:\/\/camping-les-lavandes.com\/?s={search_term_string}"},"query-input":{"@type":"PropertyValueSpecification","valueRequired":true,"valueName":"search_term_string"}}],"inLanguage":"en-GB"},{"@type":"Organization","@id":"https:\/\/camping-les-lavandes.com\/#organization","name":"Camping les lavandes","url":"https:\/\/camping-les-lavandes.com\/","logo":{"@type":"ImageObject","inLanguage":"en-GB","@id":"https:\/\/camping-les-lavandes.com\/#\/schema\/logo\/image\/","url":"https:\/\/camping-les-lavandes.com\/wp-content\/uploads\/2022\/04\/big-logo-camping-les-lavandes-2.png","contentUrl":"https:\/\/camping-les-lavandes.com\/wp-content\/uploads\/2022\/04\/big-logo-camping-les-lavandes-2.png","width":267,"height":376,"caption":"Camping les lavandes"},"image":{"@id":"https:\/\/camping-les-lavandes.com\/#\/schema\/logo\/image\/"}}]}},"_links":{"self":[{"href":"https:\/\/camping-les-lavandes.com\/en\/wp-json\/wp\/v2\/pages\/14957","targetHints":{"allow":["GET"]}}],"collection":[{"href":"https:\/\/camping-les-lavandes.com\/en\/wp-json\/wp\/v2\/pages"}],"about":[{"href":"https:\/\/camping-les-lavandes.com\/en\/wp-json\/wp\/v2\/types\/page"}],"author":[{"embeddable":true,"href":"https:\/\/camping-les-lavandes.com\/en\/wp-json\/wp\/v2\/users\/1"}],"replies":[{"embeddable":true,"href":"https:\/\/camping-les-lavandes.com\/en\/wp-json\/wp\/v2\/comments?post=14957"}],"version-history":[{"count":85,"href":"https:\/\/camping-les-lavandes.com\/en\/wp-json\/wp\/v2\/pages\/14957\/revisions"}],"predecessor-version":[{"id":16116,"href":"https:\/\/camping-les-lavandes.com\/en\/wp-json\/wp\/v2\/pages\/14957\/revisions\/16116"}],"wp:attachment":[{"href":"https:\/\/camping-les-lavandes.com\/en\/wp-json\/wp\/v2\/media?parent=14957"}],"curies":[{"name":"wp","href":"https:\/\/api.w.org\/{rel}","templated":true}]}}