{"id":15074,"date":"2022-04-11T14:22:18","date_gmt":"2022-04-11T12:22:18","guid":{"rendered":"https:\/\/camping-les-lavandes.creativeagence.net\/?page_id=15074"},"modified":"2023-02-26T08:57:10","modified_gmt":"2023-02-26T07:57:10","slug":"mentions-legales","status":"publish","type":"page","link":"https:\/\/camping-les-lavandes.com\/en\/mentions-legales\/","title":{"rendered":"<p>Mentions l&eacute;gales<\/p>"},"content":{"rendered":"<div data-elementor-type=\"wp-page\" data-elementor-id=\"15074\" class=\"elementor elementor-15074\" data-elementor-post-type=\"page\">\n\t\t\t\t\t\t<section class=\"elementor-section elementor-top-section elementor-element elementor-element-cf30b0d elementor-section-height-min-height elementor-section-content-middle elementor-section-boxed elementor-section-height-default elementor-section-items-middle\" data-id=\"cf30b0d\" data-element_type=\"section\" data-settings='{\"background_background\":\"classic\"}'>\n\t\t\t\t\t\t\t<div class=\"elementor-background-overlay\"><\/div>\n\t\t\t\t\t\t\t<div class=\"elementor-container elementor-column-gap-default\">\n\t\t\t\t\t<div class=\"elementor-column elementor-col-100 elementor-top-column elementor-element elementor-element-dc2ae0d\" data-id=\"dc2ae0d\" data-element_type=\"column\">\n\t\t\t<div class=\"elementor-widget-wrap elementor-element-populated\">\n\t\t\t\t\t\t<div class=\"elementor-element elementor-element-1f623e1 elementor-widget elementor-widget-heading\" data-id=\"1f623e1\" data-element_type=\"widget\" data-widget_type=\"heading.default\">\n\t\t\t\t<div class=\"elementor-widget-container\">\n\t\t\t\t\t<p class=\"elementor-heading-title elementor-size-default\">Mentions l&eacute;gales<\/p>\t\t\t\t<\/div>\n\t\t\t\t<\/div>\n\t\t\t\t<div class=\"elementor-element elementor-element-d38ac82 ee-breadcrumbs-align-center elementor-widget elementor-widget-ee-breadcrumbs\" data-id=\"d38ac82\" data-element_type=\"widget\" data-widget_type=\"ee-breadcrumbs.default\">\n\t\t\t\t<div class=\"elementor-widget-container\">\n\t\t\t\t\t<ul class=\"ee-breadcrumbs\" itemscope=\"\" itemtype=\"http:\/\/schema.org\/BreadcrumbList\"><\/ul>\t\t\t\t<\/div>\n\t\t\t\t<\/div>\n\t\t\t\t\t<\/div>\n\t\t<\/div>\n\t\t\t\t\t<\/div>\n\t\t<\/section>\n\t\t\t\t<section class=\"elementor-section elementor-top-section elementor-element elementor-element-b706c52 elementor-section-boxed elementor-section-height-default elementor-section-height-default\" data-id=\"b706c52\" data-element_type=\"section\">\n\t\t\t\t\t\t<div class=\"elementor-container elementor-column-gap-default\">\n\t\t\t\t\t<div class=\"elementor-column elementor-col-100 elementor-top-column elementor-element elementor-element-260a3fb\" data-id=\"260a3fb\" data-element_type=\"column\">\n\t\t\t<div class=\"elementor-widget-wrap elementor-element-populated\">\n\t\t\t\t\t\t<div class=\"elementor-element elementor-element-a8c5a2b elementor-widget elementor-widget-text-editor\" data-id=\"a8c5a2b\" data-element_type=\"widget\" data-widget_type=\"text-editor.default\">\n\t\t\t\t<div class=\"elementor-widget-container\">\n\t\t\t\t\t\t\t\t\t<p>Si&egrave;ge social : Route des Gorges du Verdon 04120 CASTELLANE<\/p><p>Tel : 06 45 98 62 83<br>SIRET : 882 205 867 00014.<br>Le code TVA est FR64882205867.<br>Le directeur de la publication est Olivier ARTHO<br>Adresse &eacute;lectronique : accueil@camping-les-lavandes.com<\/p><p>Le site Internet www.camping-les-lavandes.com est h&eacute;berg&eacute; par&nbsp;<strong>O2SWITCH<\/strong><br>222-224 Boulevard Gustave Flaubert<br>63000 Clermont-Ferrand<br>N&deg; T&eacute;l. 04 44 44 60 40<\/p><p>Le site Internet www.camping-les-lavandes.com (le Site) est la propri&eacute;t&eacute; du camping Les Lavandes. Il pr&eacute;sente aux visiteurs et aux clients naviguant sur le site (les utilisateurs) un certain nombre d?informations li&eacute;es aux produits et aux services con&ccedil;us et r&eacute;alis&eacute;s par le camping Les Lavandes. Tout utilisateur accepte l?ensemble des dispositions de la pr&eacute;sente charte du site et s?engage &agrave; les respecter. L?utilisateur s?engage d?ores et d&eacute;j&agrave; &agrave; faire des informations contenues sur le site un usage personnel et non commercial.<\/p><h2>Propri&eacute;t&eacute; intellectuelle<\/h2><p>Le Site constitue une oeuvre dont le camping Les Lavandes est l?auteur au sens des articles L111.1 et suivants du Code de propri&eacute;t&eacute; intellectuelle. Les donn&eacute;es, les informations, les images et leurs mises en forme apparaissant sur le site sont la propri&eacute;t&eacute; du site www.camping-les-lavandes.com et sont prot&eacute;g&eacute;es &agrave; ce titre par les dispositions du Code de la propri&eacute;t&eacute; intellectuelle. Tout utilisateur s?engage &agrave; ne pas les utiliser et &agrave; ne pas permettre &agrave; quiconque d?utiliser ces contenus &agrave; des fins ill&eacute;gales. Toute repr&eacute;sentation ou reproduction, totale ou partielle, permanente ou temporaire, sur tout support, et par quelque proc&eacute;d&eacute; que ce soit (notamment par voie de framing*), de l?un ou l?autre des &eacute;l&eacute;ments du Site, sans l?accord pr&eacute;alable et expr&egrave;s du site www.camping-les-lavandes.com est interdite, et constitue un acte de contrefa&ccedil;on, qui pourra entra&icirc;ner des condamnations civiles et\/ou p&eacute;nales. Aucun lien hypertexte vers le site ne peut &ecirc;tre install&eacute; sans l?accord pr&eacute;alable et expr&egrave;s du site www.camping-les-lavandes.com. (*action de capter le contenu de pages d?un site Internet pour le transf&eacute;rer sur son propre site Internet par le biais d?un lien hypertexte, en faisant appara&icirc;tre ledit contenu comme le sien.)<\/p><h2>Protection des donn&eacute;es personnelles<\/h2><p>L?utilisateur peut d&eacute;poser certaines donn&eacute;es personnelles lorsqu?il souhaite poser une question ou poster un commentaire. Les donn&eacute;es ainsi d&eacute;pos&eacute;es sont obligatoires pour que le camping Les Lavandes puisse lui r&eacute;pondre. Le camping Les Lavandes se r&eacute;serve le droit de conserver ces donn&eacute;es de mani&egrave;re &agrave; proposer, le cas &eacute;ch&eacute;ant, &agrave; l?utilisateur, ses offres commerciales. Il est possible que le camping Les Lavandes transmette ces donn&eacute;es personnelles &agrave; des soci&eacute;t&eacute;s partenaires. Dans tous les cas, il sera demand&eacute; l?accord pr&eacute;alable de l?utilisateur, par l?existence d?une case &agrave; cocher, lors de la collecte des donn&eacute;es personnelles. L?utilisateur pourra toujours ult&eacute;rieurement revenir sur son consentement soit en cochant la case r&eacute;serv&eacute;e &agrave; cet effet soit en envoyant un courrier ou un email au service comp&eacute;tent d&eacute;sign&eacute; ci-dessous. Le camping Les Lavandes s?engage &agrave; respecter les dispositions de la loi n&deg;78-17 du 6 janvier 1978 relative &agrave; l?informatique, aux fichiers et aux libert&eacute;s, modifi&eacute;e. Ainsi, l?utilisateur peut &agrave; tout moment exercer son droit d?acc&egrave;s, de rectification, de suppression ou d?opposition concernant les informations qu?il fournit lors de son inscription ou ult&eacute;rieurement, aupr&egrave;s du site www.camping-les-lavandes.com, par courrier au si&egrave;ge social ou par email.<\/p><h2>Informations sur les produits et les services<\/h2><p>Le site pr&eacute;sente de mani&egrave;re g&eacute;n&eacute;rale la gamme de produits et de services propos&eacute;s par le camping Les Lavandes. La pr&eacute;sentation de la gamme sur le site ne constitue pas une offre de contracter. Il convient de prendre directement contact avec le camping Les Lavandes pour obtenir une offre commerciale sur mesure. Le camping Les Lavandes se r&eacute;serve le droit de modifier, &agrave; tout moment, les informations figurant sur le Site notamment en cas de modifications des services pr&eacute;sent&eacute;s, sans que sa responsabilit&eacute; puisse &ecirc;tre engag&eacute;e.<\/p><h2>Responsabilit&eacute;<\/h2><p>Le camping Les Lavandes d&eacute;cline toute responsabilit&eacute; quant aux &eacute;ventuels dysfonctionnements pouvant survenir sur le site et entra&icirc;ner une indisponibilit&eacute; de l?acc&egrave;s aux informations produites sur le site. La pr&eacute;sence de liens hypertextes pr&eacute;sents sur le site ne cr&eacute;e pas une solidarit&eacute; de responsabilit&eacute; entre le camping Les Lavandes et les propri&eacute;taires des autres sites, quant au contenu des sites sur lesquels est redirig&eacute; l?utilisateur. Le camping Les Lavandes ne peut garantir l?exhaustivit&eacute; des informations pr&eacute;sentes sur le site. De la m&ecirc;me mani&egrave;re, le camping Les Lavandes ne peut garantir l?absence de modification par un tiers (intrusion, virus). En outre, l?utilisateur est seul responsable de l?utilisation qu?il fait du contenu du site. Sauf faute grave exclusive du site www.camping-les-lavandes.com, sa responsabilit&eacute; ne peut &ecirc;tre engag&eacute;e pour des dommages directs et indirects li&eacute;s &agrave; l?utilisation des informations produites sur le site.<\/p><h2>Loi applicable &amp; comp&eacute;tence judiciaire<\/h2><p>L?ensemble des informations diffus&eacute; sur le Site et l?utilisation qui en est faite sont soumis exclusivement au droit fran&ccedil;ais. Seuls les tribunaux relevant du ressort de la Cour d?appel de Nice sont comp&eacute;tents pour conna&icirc;tre des &eacute;ventuels litiges.<\/p><h2>Informations relatives aux cookies sur notre site<\/h2><p>Des informations sur votre navigation sont susceptibles d?&ecirc;tre enregistr&eacute;es dans des fichiers appel&eacute;s ?Cookies? install&eacute;s sur votre ordinateur, tablette, smartphone. Un cookie est un petit fichier texte d&eacute;pos&eacute; sur votre ordinateur, tablette, smartphone? via votre navigateur, par le site web que vous consultez. Les cookies peuvent avoir de nombreuses utilit&eacute;s :<\/p><p>Les cookies n&eacute;cessaires au fonctionnement du site : Ils permettent de garantir le bon fonctionnement de votre compte ou votre panier par exemple.<br>Les cookies de statistiques : Ces cookies servent afin d?analyser la qualit&eacute; du site, les performances d?affichages des pages, les pages les plus consult&eacute;es, les pages d?entr&eacute;e ou de sortie des sites.<br>Les cookies tiers : Il vous est possible sur certaines pages du site Les partager vers vos r&eacute;seaux sociaux favoris tels que Facebook, Twitter, Google+?<br>Ces r&eacute;seaux sociaux peuvent d&eacute;poser un cookie lors du partage sur lequel nous n?avons pas de contr&ocirc;le.<br>Vous pourrez retrouver toutes les informations relatives aux cookies d&eacute;poser par les diff&eacute;rents r&eacute;seaux sociaux en consultant leur mentions l&eacute;gales.<\/p><p><strong>Configurer les restrictions relatives &agrave; vos cookies :<\/strong>&nbsp;Vous pouvez retrouver les possibilit&eacute;s de restrictions de cookies dans le menu Aide en ligne de votre navigateur :<\/p><p><a href=\"https:\/\/support.mozilla.org\/fr\/kb\/activer-desactiver-cookies?redirectlocale=fr&amp;redirectslug=Activer+et+d%C3%A9sactiver+les+cookies\" target=\"_blank\" rel=\"nofollow noopener noreferrer\">Gestion des cookies Firefox<\/a><br><a href=\"https:\/\/support.google.com\/chrome\/answer\/95647?hl=fr&amp;hlrm=en\" target=\"_blank\" rel=\"nofollow noopener noreferrer\">Gestion des cookies Chrome<\/a><br><a href=\"http:\/\/support.apple.com\/kb\/HT1677?viewlocale=fr_FR\" target=\"_blank\" rel=\"nofollow noopener noreferrer\">Gestion des cookies Safari<\/a><br><a href=\"https:\/\/help.opera.com\/en\/latest\/web-preferences\/#cookies\" target=\"_blank\" rel=\"nofollow noopener noreferrer\">Gestion des cookies Op&eacute;ra<\/a><br><a href=\"http:\/\/windows.microsoft.com\/fr-fr\/internet-explorer\/delete-manage-cookies#ie=ie-11\" target=\"_blank\" rel=\"nofollow noopener noreferrer\">Gestion des cookies Internet Explorer<\/a><\/p><p>Attention, si vous refusez tous les cookies, vous ne pourrez dans certains cas plus utiliser certaines fonctionnalit&eacute;s du site.<br>Vous pouvez en savoir plus sur l?utilisation des cookies en consultant le site de la CNIL :&nbsp;<a href=\"http:\/\/www.cnil.fr\/vos-droits\/vos-traces\/les-cookies\" target=\"_blank\" rel=\"nofollow noopener noreferrer\">CNIL<\/a><\/p><p>Mise &agrave; jour Avril 2022<\/p>\t\t\t\t\t\t\t\t<\/div>\n\t\t\t\t<\/div>\n\t\t\t\t\t<\/div>\n\t\t<\/div>\n\t\t\t\t\t<\/div>\n\t\t<\/section>\n\t\t\t\t<\/div>","protected":false},"excerpt":{"rendered":"<p>Mentions l&eacute;gales Si&egrave;ge social : Route des Gorges du Verdon 04120 CASTELLANE Tel : 06 45 98 62 83SIRET : 882 205 867 00014.Le code TVA est FR64882205867.Le directeur de la publication est Olivier ARTHOAdresse &eacute;lectronique : accueil@camping-les-lavandes.com Le site Internet www.camping-les-lavandes.com est h&eacute;berg&eacute; par&nbsp;O2SWITCH222-224 Boulevard Gustave Flaubert63000 Clermont-FerrandN&deg; T&eacute;l. 04 44 44 60 40 [&hellip;]<\/p>","protected":false},"author":1,"featured_media":0,"parent":0,"menu_order":0,"comment_status":"closed","ping_status":"closed","template":"elementor_header_footer","meta":{"_acf_changed":false,"footnotes":""},"class_list":["post-15074","page","type-page","status-publish","hentry"],"acf":[],"yoast_head":"<!-- This site is optimized with the Yoast SEO plugin v24.8.1 - https:\/\/yoast.com\/wordpress\/plugins\/seo\/ -->\n<title>Mentions l\u00e9gales - Camping les lavandes<\/title>\n<meta name=\"robots\" content=\"index, follow, max-snippet:-1, max-image-preview:large, max-video-preview:-1\" \/>\n<link rel=\"canonical\" href=\"https:\/\/camping-les-lavandes.com\/en\/mentions-legales\/\" \/>\n<meta property=\"og:locale\" content=\"en_GB\" \/>\n<meta property=\"og:type\" content=\"article\" \/>\n<meta property=\"og:title\" content=\"Mentions l\u00e9gales - Camping les lavandes\" \/>\n<meta property=\"og:description\" content=\"Mentions l\u00e9gales Si\u00e8ge social : Route des Gorges du Verdon 04120 CASTELLANE Tel : 06 45 98 62 83SIRET : 882 205 867 00014.Le code TVA est FR64882205867.Le directeur de la publication est Olivier ARTHOAdresse \u00e9lectronique : accueil@camping-les-lavandes.com Le site Internet www.camping-les-lavandes.com est h\u00e9berg\u00e9 par\u00a0O2SWITCH222-224 Boulevard Gustave Flaubert63000 Clermont-FerrandN\u00b0 T\u00e9l. 04 44 44 60 40 [&hellip;]\" \/>\n<meta property=\"og:url\" content=\"https:\/\/camping-les-lavandes.com\/en\/mentions-legales\/\" \/>\n<meta property=\"og:site_name\" content=\"Camping les lavandes\" \/>\n<meta property=\"article:modified_time\" content=\"2023-02-26T07:57:10+00:00\" \/>\n<meta name=\"twitter:card\" content=\"summary_large_image\" \/>\n<meta name=\"twitter:label1\" content=\"Estimated reading time\" \/>\n\t<meta name=\"twitter:data1\" content=\"6 minutes\" \/>\n<script type=\"application\/ld+json\" class=\"yoast-schema-graph\">{\"@context\":\"https:\/\/schema.org\",\"@graph\":[{\"@type\":\"WebPage\",\"@id\":\"https:\/\/camping-les-lavandes.com\/mentions-legales\/\",\"url\":\"https:\/\/camping-les-lavandes.com\/mentions-legales\/\",\"name\":\"Mentions l\u00e9gales - Camping les lavandes\",\"isPartOf\":{\"@id\":\"https:\/\/camping-les-lavandes.com\/#website\"},\"datePublished\":\"2022-04-11T12:22:18+00:00\",\"dateModified\":\"2023-02-26T07:57:10+00:00\",\"breadcrumb\":{\"@id\":\"https:\/\/camping-les-lavandes.com\/mentions-legales\/#breadcrumb\"},\"inLanguage\":\"en-GB\",\"potentialAction\":[{\"@type\":\"ReadAction\",\"target\":[\"https:\/\/camping-les-lavandes.com\/mentions-legales\/\"]}]},{\"@type\":\"BreadcrumbList\",\"@id\":\"https:\/\/camping-les-lavandes.com\/mentions-legales\/#breadcrumb\",\"itemListElement\":[{\"@type\":\"ListItem\",\"position\":1,\"name\":\"Accueil\",\"item\":\"https:\/\/camping-les-lavandes.com\/\"},{\"@type\":\"ListItem\",\"position\":2,\"name\":\"Mentions l\u00e9gales\"}]},{\"@type\":\"WebSite\",\"@id\":\"https:\/\/camping-les-lavandes.com\/#website\",\"url\":\"https:\/\/camping-les-lavandes.com\/\",\"name\":\"Camping les lavandes\",\"description\":\"Camping deux \u00e9toiles \u00e0 Castellane\",\"publisher\":{\"@id\":\"https:\/\/camping-les-lavandes.com\/#organization\"},\"potentialAction\":[{\"@type\":\"SearchAction\",\"target\":{\"@type\":\"EntryPoint\",\"urlTemplate\":\"https:\/\/camping-les-lavandes.com\/?s={search_term_string}\"},\"query-input\":{\"@type\":\"PropertyValueSpecification\",\"valueRequired\":true,\"valueName\":\"search_term_string\"}}],\"inLanguage\":\"en-GB\"},{\"@type\":\"Organization\",\"@id\":\"https:\/\/camping-les-lavandes.com\/#organization\",\"name\":\"Camping les lavandes\",\"url\":\"https:\/\/camping-les-lavandes.com\/\",\"logo\":{\"@type\":\"ImageObject\",\"inLanguage\":\"en-GB\",\"@id\":\"https:\/\/camping-les-lavandes.com\/#\/schema\/logo\/image\/\",\"url\":\"https:\/\/camping-les-lavandes.com\/wp-content\/uploads\/2022\/04\/big-logo-camping-les-lavandes-2.png\",\"contentUrl\":\"https:\/\/camping-les-lavandes.com\/wp-content\/uploads\/2022\/04\/big-logo-camping-les-lavandes-2.png\",\"width\":267,\"height\":376,\"caption\":\"Camping les lavandes\"},\"image\":{\"@id\":\"https:\/\/camping-les-lavandes.com\/#\/schema\/logo\/image\/\"}}]}<\/script>\n<!-- \/ Yoast SEO plugin. -->","yoast_head_json":{"title":"Mentions l\u00e9gales - Camping les lavandes","robots":{"index":"index","follow":"follow","max-snippet":"max-snippet:-1","max-image-preview":"max-image-preview:large","max-video-preview":"max-video-preview:-1"},"canonical":"https:\/\/camping-les-lavandes.com\/en\/mentions-legales\/","og_locale":"en_GB","og_type":"article","og_title":"Mentions l\u00e9gales - Camping les lavandes","og_description":"Mentions l\u00e9gales Si\u00e8ge social : Route des Gorges du Verdon 04120 CASTELLANE Tel : 06 45 98 62 83SIRET : 882 205 867 00014.Le code TVA est FR64882205867.Le directeur de la publication est Olivier ARTHOAdresse \u00e9lectronique : accueil@camping-les-lavandes.com Le site Internet www.camping-les-lavandes.com est h\u00e9berg\u00e9 par\u00a0O2SWITCH222-224 Boulevard Gustave Flaubert63000 Clermont-FerrandN\u00b0 T\u00e9l. 04 44 44 60 40 [&hellip;]","og_url":"https:\/\/camping-les-lavandes.com\/en\/mentions-legales\/","og_site_name":"Camping les lavandes","article_modified_time":"2023-02-26T07:57:10+00:00","twitter_card":"summary_large_image","twitter_misc":{"Estimated reading time":"6 minutes"},"schema":{"@context":"https:\/\/schema.org","@graph":[{"@type":"WebPage","@id":"https:\/\/camping-les-lavandes.com\/mentions-legales\/","url":"https:\/\/camping-les-lavandes.com\/mentions-legales\/","name":"Mentions l\u00e9gales - Camping les lavandes","isPartOf":{"@id":"https:\/\/camping-les-lavandes.com\/#website"},"datePublished":"2022-04-11T12:22:18+00:00","dateModified":"2023-02-26T07:57:10+00:00","breadcrumb":{"@id":"https:\/\/camping-les-lavandes.com\/mentions-legales\/#breadcrumb"},"inLanguage":"en-GB","potentialAction":[{"@type":"ReadAction","target":["https:\/\/camping-les-lavandes.com\/mentions-legales\/"]}]},{"@type":"BreadcrumbList","@id":"https:\/\/camping-les-lavandes.com\/mentions-legales\/#breadcrumb","itemListElement":[{"@type":"ListItem","position":1,"name":"Accueil","item":"https:\/\/camping-les-lavandes.com\/"},{"@type":"ListItem","position":2,"name":"Mentions l\u00e9gales"}]},{"@type":"WebSite","@id":"https:\/\/camping-les-lavandes.com\/#website","url":"https:\/\/camping-les-lavandes.com\/","name":"Camping les lavandes","description":"Camping deux \u00e9toiles \u00e0 Castellane","publisher":{"@id":"https:\/\/camping-les-lavandes.com\/#organization"},"potentialAction":[{"@type":"SearchAction","target":{"@type":"EntryPoint","urlTemplate":"https:\/\/camping-les-lavandes.com\/?s={search_term_string}"},"query-input":{"@type":"PropertyValueSpecification","valueRequired":true,"valueName":"search_term_string"}}],"inLanguage":"en-GB"},{"@type":"Organization","@id":"https:\/\/camping-les-lavandes.com\/#organization","name":"Camping les lavandes","url":"https:\/\/camping-les-lavandes.com\/","logo":{"@type":"ImageObject","inLanguage":"en-GB","@id":"https:\/\/camping-les-lavandes.com\/#\/schema\/logo\/image\/","url":"https:\/\/camping-les-lavandes.com\/wp-content\/uploads\/2022\/04\/big-logo-camping-les-lavandes-2.png","contentUrl":"https:\/\/camping-les-lavandes.com\/wp-content\/uploads\/2022\/04\/big-logo-camping-les-lavandes-2.png","width":267,"height":376,"caption":"Camping les lavandes"},"image":{"@id":"https:\/\/camping-les-lavandes.com\/#\/schema\/logo\/image\/"}}]}},"_links":{"self":[{"href":"https:\/\/camping-les-lavandes.com\/en\/wp-json\/wp\/v2\/pages\/15074","targetHints":{"allow":["GET"]}}],"collection":[{"href":"https:\/\/camping-les-lavandes.com\/en\/wp-json\/wp\/v2\/pages"}],"about":[{"href":"https:\/\/camping-les-lavandes.com\/en\/wp-json\/wp\/v2\/types\/page"}],"author":[{"embeddable":true,"href":"https:\/\/camping-les-lavandes.com\/en\/wp-json\/wp\/v2\/users\/1"}],"replies":[{"embeddable":true,"href":"https:\/\/camping-les-lavandes.com\/en\/wp-json\/wp\/v2\/comments?post=15074"}],"version-history":[{"count":34,"href":"https:\/\/camping-les-lavandes.com\/en\/wp-json\/wp\/v2\/pages\/15074\/revisions"}],"predecessor-version":[{"id":16008,"href":"https:\/\/camping-les-lavandes.com\/en\/wp-json\/wp\/v2\/pages\/15074\/revisions\/16008"}],"wp:attachment":[{"href":"https:\/\/camping-les-lavandes.com\/en\/wp-json\/wp\/v2\/media?parent=15074"}],"curies":[{"name":"wp","href":"https:\/\/api.w.org\/{rel}","templated":true}]}}