{"id":15212,"date":"2022-04-11T17:52:02","date_gmt":"2022-04-11T15:52:02","guid":{"rendered":"https:\/\/camping-les-lavandes.creativeagence.net\/?page_id=15212"},"modified":"2026-03-14T10:37:56","modified_gmt":"2026-03-14T09:37:56","slug":"faq","status":"publish","type":"page","link":"https:\/\/camping-les-lavandes.com\/en\/faq\/","title":{"rendered":"<p>Faq<\/p>"},"content":{"rendered":"<div data-elementor-type=\"wp-page\" data-elementor-id=\"15212\" class=\"elementor elementor-15212\" data-elementor-post-type=\"page\">\n\t\t\t\t\t\t<section class=\"elementor-section elementor-top-section elementor-element elementor-element-bab0190 elementor-section-height-min-height elementor-section-content-middle elementor-section-boxed elementor-section-height-default elementor-section-items-middle\" data-id=\"bab0190\" data-element_type=\"section\" data-settings='{\"background_background\":\"classic\"}'>\n\t\t\t\t\t\t\t<div class=\"elementor-background-overlay\"><\/div>\n\t\t\t\t\t\t\t<div class=\"elementor-container elementor-column-gap-default\">\n\t\t\t\t\t<div class=\"elementor-column elementor-col-100 elementor-top-column elementor-element elementor-element-4539b29\" data-id=\"4539b29\" data-element_type=\"column\">\n\t\t\t<div class=\"elementor-widget-wrap elementor-element-populated\">\n\t\t\t\t\t\t<div class=\"elementor-element elementor-element-3f97b18 elementor-widget elementor-widget-heading\" data-id=\"3f97b18\" data-element_type=\"widget\" data-widget_type=\"heading.default\">\n\t\t\t\t<div class=\"elementor-widget-container\">\n\t\t\t\t\t<p class=\"elementor-heading-title elementor-size-default\">FAQ<\/p>\t\t\t\t<\/div>\n\t\t\t\t<\/div>\n\t\t\t\t<div class=\"elementor-element elementor-element-b42ebd9 ee-breadcrumbs-align-center elementor-widget elementor-widget-ee-breadcrumbs\" data-id=\"b42ebd9\" data-element_type=\"widget\" data-widget_type=\"ee-breadcrumbs.default\">\n\t\t\t\t<div class=\"elementor-widget-container\">\n\t\t\t\t\t<ul class=\"ee-breadcrumbs\" itemscope=\"\" itemtype=\"http:\/\/schema.org\/BreadcrumbList\"><\/ul>\t\t\t\t<\/div>\n\t\t\t\t<\/div>\n\t\t\t\t\t<\/div>\n\t\t<\/div>\n\t\t\t\t\t<\/div>\n\t\t<\/section>\n\t\t\t\t<section class=\"elementor-section elementor-top-section elementor-element elementor-element-3496f532 elementor-section-content-middle elementor-section-boxed elementor-section-height-default elementor-section-height-default\" data-id=\"3496f532\" data-element_type=\"section\">\n\t\t\t\t\t\t<div class=\"elementor-container elementor-column-gap-no\">\n\t\t\t\t\t<div class=\"elementor-column elementor-col-100 elementor-top-column elementor-element elementor-element-6e8b8ebc\" data-id=\"6e8b8ebc\" data-element_type=\"column\">\n\t\t\t<div class=\"elementor-widget-wrap elementor-element-populated\">\n\t\t\t\t\t\t<div class=\"elementor-element elementor-element-5e40ef23 elementor-widget elementor-widget-toggle\" data-id=\"5e40ef23\" data-element_type=\"widget\" data-widget_type=\"toggle.default\">\n\t\t\t\t<div class=\"elementor-widget-container\">\n\t\t\t\t\t\t\t<div class=\"elementor-toggle\">\n\t\t\t\t\t\t\t<div class=\"elementor-toggle-item\">\n\t\t\t\t\t<div id=\"elementor-tab-title-1581\" class=\"elementor-tab-title\" data-tab=\"1\" role=\"button\" aria-controls=\"elementor-tab-content-1581\" aria-expanded=\"false\">\n\t\t\t\t\t\t\t\t\t\t\t\t<span class=\"elementor-toggle-icon elementor-toggle-icon-right\" aria-hidden=\"true\">\n\t\t\t\t\t\t\t\t\t\t\t\t\t\t\t<span class=\"elementor-toggle-icon-closed\"><svg class=\"e-font-icon-svg e-fas-caret-right\" viewbox=\"0 0 192 512\" xmlns=\"http:\/\/www.w3.org\/2000\/svg\"><path d=\"M0 384.662V127.338c0-17.818 21.543-26.741 34.142-14.142l128.662 128.662c7.81 7.81 7.81 20.474 0 28.284L34.142 398.804C21.543 411.404 0 402.48 0 384.662z\"><\/path><\/svg><\/span>\n\t\t\t\t\t\t\t\t<span class=\"elementor-toggle-icon-opened\"><svg class=\"elementor-toggle-icon-opened e-font-icon-svg e-fas-caret-up\" viewbox=\"0 0 320 512\" xmlns=\"http:\/\/www.w3.org\/2000\/svg\"><path d=\"M288.662 352H31.338c-17.818 0-26.741-21.543-14.142-34.142l128.662-128.662c7.81-7.81 20.474-7.81 28.284 0l128.662 128.662c12.6 12.599 3.676 34.142-14.142 34.142z\"><\/path><\/svg><\/span>\n\t\t\t\t\t\t\t\t\t\t\t\t\t<\/span>\n\t\t\t\t\t\t\t\t\t\t\t\t<a class=\"elementor-toggle-title\" tabindex=\"0\">Des places de parking sont-elles disponibles ?<\/a>\n\t\t\t\t\t<\/div>\n\n\t\t\t\t\t<div id=\"elementor-tab-content-1581\" class=\"elementor-tab-content elementor-clearfix\" data-tab=\"1\" role=\"region\" aria-labelledby=\"elementor-tab-title-1581\"><p>Le camping met &agrave; votre disposition<strong> un&nbsp;parking priv&eacute; et gratuit<\/strong>, sans r&eacute;servation pr&eacute;alable.<\/p><\/div>\n\t\t\t\t<\/div>\n\t\t\t\t\t\t\t<div class=\"elementor-toggle-item\">\n\t\t\t\t\t<div id=\"elementor-tab-title-1582\" class=\"elementor-tab-title\" data-tab=\"2\" role=\"button\" aria-controls=\"elementor-tab-content-1582\" aria-expanded=\"false\">\n\t\t\t\t\t\t\t\t\t\t\t\t<span class=\"elementor-toggle-icon elementor-toggle-icon-right\" aria-hidden=\"true\">\n\t\t\t\t\t\t\t\t\t\t\t\t\t\t\t<span class=\"elementor-toggle-icon-closed\"><svg class=\"e-font-icon-svg e-fas-caret-right\" viewbox=\"0 0 192 512\" xmlns=\"http:\/\/www.w3.org\/2000\/svg\"><path d=\"M0 384.662V127.338c0-17.818 21.543-26.741 34.142-14.142l128.662 128.662c7.81 7.81 7.81 20.474 0 28.284L34.142 398.804C21.543 411.404 0 402.48 0 384.662z\"><\/path><\/svg><\/span>\n\t\t\t\t\t\t\t\t<span class=\"elementor-toggle-icon-opened\"><svg class=\"elementor-toggle-icon-opened e-font-icon-svg e-fas-caret-up\" viewbox=\"0 0 320 512\" xmlns=\"http:\/\/www.w3.org\/2000\/svg\"><path d=\"M288.662 352H31.338c-17.818 0-26.741-21.543-14.142-34.142l128.662-128.662c7.81-7.81 20.474-7.81 28.284 0l128.662 128.662c12.6 12.599 3.676 34.142-14.142 34.142z\"><\/path><\/svg><\/span>\n\t\t\t\t\t\t\t\t\t\t\t\t\t<\/span>\n\t\t\t\t\t\t\t\t\t\t\t\t<a class=\"elementor-toggle-title\" tabindex=\"0\">Le camping dispose-t-il d?un acc&egrave;s Wifi ?<\/a>\n\t\t\t\t\t<\/div>\n\n\t\t\t\t\t<div id=\"elementor-tab-content-1582\" class=\"elementor-tab-content elementor-clearfix\" data-tab=\"2\" role=\"region\" aria-labelledby=\"elementor-tab-title-1582\"><p><strong>Castellane<\/strong>, c?est la&nbsp;<strong>campagne&nbsp;<\/strong>: c?est id&eacute;al pour&nbsp;<strong>se ressourcer<\/strong>, mais le&nbsp;<strong>r&eacute;seau&nbsp;<\/strong>peut &ecirc;tre capricieux par moment. C?est pourquoi le camping dispose d?une&nbsp;<strong>connexion Wifi<\/strong>&nbsp;&agrave; laquelle vous pouvez acc&eacute;der de mani&egrave;re&nbsp;<strong>gratuite, s&eacute;curis&eacute;e et illimit&eacute;e<\/strong>. Adressez-vous &agrave; l?<strong>accueil du camping<\/strong>&nbsp;pour conna&icirc;tre le&nbsp;<strong>mot de passe<\/strong>.<\/p><\/div>\n\t\t\t\t<\/div>\n\t\t\t\t\t\t\t<div class=\"elementor-toggle-item\">\n\t\t\t\t\t<div id=\"elementor-tab-title-1583\" class=\"elementor-tab-title\" data-tab=\"3\" role=\"button\" aria-controls=\"elementor-tab-content-1583\" aria-expanded=\"false\">\n\t\t\t\t\t\t\t\t\t\t\t\t<span class=\"elementor-toggle-icon elementor-toggle-icon-right\" aria-hidden=\"true\">\n\t\t\t\t\t\t\t\t\t\t\t\t\t\t\t<span class=\"elementor-toggle-icon-closed\"><svg class=\"e-font-icon-svg e-fas-caret-right\" viewbox=\"0 0 192 512\" xmlns=\"http:\/\/www.w3.org\/2000\/svg\"><path d=\"M0 384.662V127.338c0-17.818 21.543-26.741 34.142-14.142l128.662 128.662c7.81 7.81 7.81 20.474 0 28.284L34.142 398.804C21.543 411.404 0 402.48 0 384.662z\"><\/path><\/svg><\/span>\n\t\t\t\t\t\t\t\t<span class=\"elementor-toggle-icon-opened\"><svg class=\"elementor-toggle-icon-opened e-font-icon-svg e-fas-caret-up\" viewbox=\"0 0 320 512\" xmlns=\"http:\/\/www.w3.org\/2000\/svg\"><path d=\"M288.662 352H31.338c-17.818 0-26.741-21.543-14.142-34.142l128.662-128.662c7.81-7.81 20.474-7.81 28.284 0l128.662 128.662c12.6 12.599 3.676 34.142-14.142 34.142z\"><\/path><\/svg><\/span>\n\t\t\t\t\t\t\t\t\t\t\t\t\t<\/span>\n\t\t\t\t\t\t\t\t\t\t\t\t<a class=\"elementor-toggle-title\" tabindex=\"0\">Quelle cuisine propose le service de restauration sur place ?<\/a>\n\t\t\t\t\t<\/div>\n\n\t\t\t\t\t<div id=\"elementor-tab-content-1583\" class=\"elementor-tab-content elementor-clearfix\" data-tab=\"3\" role=\"region\" aria-labelledby=\"elementor-tab-title-1583\"><p data-start=\"144\" data-end=\"283\">Notre <strong data-start=\"150\" data-end=\"164\">restaurant<\/strong>, ouvert en saison <strong data-start=\"183\" data-end=\"206\">le matin et le soir<\/strong>, vous accueille avec plaisir, que vous soyez <strong data-start=\"252\" data-end=\"280\">client du camping ou non<\/strong>.<\/p><ul data-start=\"285\" data-end=\"703\"><li data-section-id=\"11pxft\" data-start=\"285\" data-end=\"393\"><p data-start=\"287\" data-end=\"393\"><strong data-start=\"287\" data-end=\"299\">Le matin<\/strong>, d&eacute;gustez un caf&eacute;, une boisson chaude ou un <strong data-start=\"344\" data-end=\"362\">petit-d&eacute;jeuner<\/strong> (sur r&eacute;servation la veille).<\/p><\/li><li data-section-id=\"r8t43r\" data-start=\"394\" data-end=\"560\"><p data-start=\"396\" data-end=\"560\"><strong data-start=\"396\" data-end=\"407\">Le soir<\/strong>, savourez des plats <strong data-start=\"428\" data-end=\"450\">cuisin&eacute;s avec soin<\/strong>, des <strong data-start=\"456\" data-end=\"466\">pizzas<\/strong>, des <strong data-start=\"472\" data-end=\"493\">hamburgers maison<\/strong>, des <strong data-start=\"499\" data-end=\"518\">salades vari&eacute;es<\/strong>, et bien s&ucirc;r de <strong data-start=\"535\" data-end=\"557\">d&eacute;licieux desserts<\/strong>.<\/p><\/li><li data-section-id=\"1yryoh\" data-start=\"561\" data-end=\"632\"><p data-start=\"563\" data-end=\"632\">Sur commande, profitez &eacute;galement de <strong data-start=\"599\" data-end=\"629\">succulents poulets grill&eacute;s<\/strong>.<\/p><\/li><li data-section-id=\"16t15ac\" data-start=\"633\" data-end=\"703\"><p data-start=\"635\" data-end=\"703\">Tous nos plats peuvent &ecirc;tre <strong data-start=\"663\" data-end=\"700\">consomm&eacute;s sur place ou &agrave; emporter<\/strong>.<\/p><\/li><\/ul><p data-start=\"705\" data-end=\"886\">Pour les groupes, nous proposons des <strong data-start=\"742\" data-end=\"767\">formules demi-pension<\/strong> ou des <strong data-start=\"775\" data-end=\"798\">menus personnalis&eacute;s<\/strong>. N?h&eacute;sitez pas &agrave; nous <strong data-start=\"821\" data-end=\"859\">contacter pour plus d?informations<\/strong> et r&eacute;server votre repas.<\/p><\/div>\n\t\t\t\t<\/div>\n\t\t\t\t\t\t\t<div class=\"elementor-toggle-item\">\n\t\t\t\t\t<div id=\"elementor-tab-title-1584\" class=\"elementor-tab-title\" data-tab=\"4\" role=\"button\" aria-controls=\"elementor-tab-content-1584\" aria-expanded=\"false\">\n\t\t\t\t\t\t\t\t\t\t\t\t<span class=\"elementor-toggle-icon elementor-toggle-icon-right\" aria-hidden=\"true\">\n\t\t\t\t\t\t\t\t\t\t\t\t\t\t\t<span class=\"elementor-toggle-icon-closed\"><svg class=\"e-font-icon-svg e-fas-caret-right\" viewbox=\"0 0 192 512\" xmlns=\"http:\/\/www.w3.org\/2000\/svg\"><path d=\"M0 384.662V127.338c0-17.818 21.543-26.741 34.142-14.142l128.662 128.662c7.81 7.81 7.81 20.474 0 28.284L34.142 398.804C21.543 411.404 0 402.48 0 384.662z\"><\/path><\/svg><\/span>\n\t\t\t\t\t\t\t\t<span class=\"elementor-toggle-icon-opened\"><svg class=\"elementor-toggle-icon-opened e-font-icon-svg e-fas-caret-up\" viewbox=\"0 0 320 512\" xmlns=\"http:\/\/www.w3.org\/2000\/svg\"><path d=\"M288.662 352H31.338c-17.818 0-26.741-21.543-14.142-34.142l128.662-128.662c7.81-7.81 20.474-7.81 28.284 0l128.662 128.662c12.6 12.599 3.676 34.142-14.142 34.142z\"><\/path><\/svg><\/span>\n\t\t\t\t\t\t\t\t\t\t\t\t\t<\/span>\n\t\t\t\t\t\t\t\t\t\t\t\t<a class=\"elementor-toggle-title\" tabindex=\"0\">Quels sont les moyens de paiement accept&eacute;s ?<\/a>\n\t\t\t\t\t<\/div>\n\n\t\t\t\t\t<div id=\"elementor-tab-content-1584\" class=\"elementor-tab-content elementor-clearfix\" data-tab=\"4\" role=\"region\" aria-labelledby=\"elementor-tab-title-1584\"><p>Pour ce qui est de la&nbsp;<strong>r&eacute;servation<\/strong>, nous acceptons les paiements par&nbsp;<strong>ch&egrave;que<\/strong>,&nbsp;<strong>carte bancaire<\/strong>,&nbsp;<strong>ch&egrave;que-vacances&nbsp;<\/strong>et&nbsp;<strong>virement bancaire<\/strong>. Sur place, vous pouvez aussi r&eacute;gler les diff&eacute;rents&nbsp;<strong>services payants<\/strong>&nbsp;par&nbsp;<strong>esp&egrave;ce&nbsp;<\/strong>ou par&nbsp;<strong>ticket restaurant<\/strong>&nbsp;(uniquement pour l?alimentaire ou le service de&nbsp;<strong>restauration sur place<\/strong>).<\/p><p>De plus, sachez que le&nbsp;<strong>camping Les Lavandes<\/strong>&nbsp;est&nbsp;<a href=\"https:\/\/www.vacaf.org\/\"><strong>labellis&eacute; VACAF<\/strong><\/a>. Cela signifie que vous pouvez b&eacute;n&eacute;ficier d?<strong>aides de la CAF<\/strong>&nbsp;pour&nbsp;<strong>r&eacute;gler votre s&eacute;jour<\/strong>&nbsp;dans notre camping, sous certaines&nbsp;<strong>conditions<\/strong>. Pour savoir si vous &ecirc;tes &eacute;ligible aux&nbsp;<strong>aides vacances<\/strong>, rapprochez-vous de votre&nbsp;<strong>CAF<\/strong>.<\/p><\/div>\n\t\t\t\t<\/div>\n\t\t\t\t\t\t\t<div class=\"elementor-toggle-item\">\n\t\t\t\t\t<div id=\"elementor-tab-title-1585\" class=\"elementor-tab-title\" data-tab=\"5\" role=\"button\" aria-controls=\"elementor-tab-content-1585\" aria-expanded=\"false\">\n\t\t\t\t\t\t\t\t\t\t\t\t<span class=\"elementor-toggle-icon elementor-toggle-icon-right\" aria-hidden=\"true\">\n\t\t\t\t\t\t\t\t\t\t\t\t\t\t\t<span class=\"elementor-toggle-icon-closed\"><svg class=\"e-font-icon-svg e-fas-caret-right\" viewbox=\"0 0 192 512\" xmlns=\"http:\/\/www.w3.org\/2000\/svg\"><path d=\"M0 384.662V127.338c0-17.818 21.543-26.741 34.142-14.142l128.662 128.662c7.81 7.81 7.81 20.474 0 28.284L34.142 398.804C21.543 411.404 0 402.48 0 384.662z\"><\/path><\/svg><\/span>\n\t\t\t\t\t\t\t\t<span class=\"elementor-toggle-icon-opened\"><svg class=\"elementor-toggle-icon-opened e-font-icon-svg e-fas-caret-up\" viewbox=\"0 0 320 512\" xmlns=\"http:\/\/www.w3.org\/2000\/svg\"><path d=\"M288.662 352H31.338c-17.818 0-26.741-21.543-14.142-34.142l128.662-128.662c7.81-7.81 20.474-7.81 28.284 0l128.662 128.662c12.6 12.599 3.676 34.142-14.142 34.142z\"><\/path><\/svg><\/span>\n\t\t\t\t\t\t\t\t\t\t\t\t\t<\/span>\n\t\t\t\t\t\t\t\t\t\t\t\t<a class=\"elementor-toggle-title\" tabindex=\"0\">Les chiens sont-ils autoris&eacute;s au sein du camping ?<\/a>\n\t\t\t\t\t<\/div>\n\n\t\t\t\t\t<div id=\"elementor-tab-content-1585\" class=\"elementor-tab-content elementor-clearfix\" data-tab=\"5\" role=\"region\" aria-labelledby=\"elementor-tab-title-1585\"><p>Nous savons combien il peut &ecirc;tre difficile de vous s&eacute;parer de vos&nbsp;<strong>animaux de compagnie<\/strong>&nbsp;durant les&nbsp;<strong>vacances<\/strong>.<\/p><p>C?est la raison pour laquelle les&nbsp;<strong>chiens&nbsp;<\/strong>sont autoris&eacute;s au&nbsp;<strong>camping Les Lavandes<\/strong>, dans la limite de 2 au maximum et sous certaines conditions :<\/p><ul><li>Le chien devra &ecirc;tre&nbsp;<strong>vaccin&eacute;&nbsp;<\/strong>;<\/li><li>Le chien devra &ecirc;tre&nbsp;<strong>tenu en laisse<\/strong>.<\/li><\/ul><\/div>\n\t\t\t\t<\/div>\n\t\t\t\t\t\t\t<div class=\"elementor-toggle-item\">\n\t\t\t\t\t<div id=\"elementor-tab-title-1586\" class=\"elementor-tab-title\" data-tab=\"6\" role=\"button\" aria-controls=\"elementor-tab-content-1586\" aria-expanded=\"false\">\n\t\t\t\t\t\t\t\t\t\t\t\t<span class=\"elementor-toggle-icon elementor-toggle-icon-right\" aria-hidden=\"true\">\n\t\t\t\t\t\t\t\t\t\t\t\t\t\t\t<span class=\"elementor-toggle-icon-closed\"><svg class=\"e-font-icon-svg e-fas-caret-right\" viewbox=\"0 0 192 512\" xmlns=\"http:\/\/www.w3.org\/2000\/svg\"><path d=\"M0 384.662V127.338c0-17.818 21.543-26.741 34.142-14.142l128.662 128.662c7.81 7.81 7.81 20.474 0 28.284L34.142 398.804C21.543 411.404 0 402.48 0 384.662z\"><\/path><\/svg><\/span>\n\t\t\t\t\t\t\t\t<span class=\"elementor-toggle-icon-opened\"><svg class=\"elementor-toggle-icon-opened e-font-icon-svg e-fas-caret-up\" viewbox=\"0 0 320 512\" xmlns=\"http:\/\/www.w3.org\/2000\/svg\"><path d=\"M288.662 352H31.338c-17.818 0-26.741-21.543-14.142-34.142l128.662-128.662c7.81-7.81 20.474-7.81 28.284 0l128.662 128.662c12.6 12.599 3.676 34.142-14.142 34.142z\"><\/path><\/svg><\/span>\n\t\t\t\t\t\t\t\t\t\t\t\t\t<\/span>\n\t\t\t\t\t\t\t\t\t\t\t\t<a class=\"elementor-toggle-title\" tabindex=\"0\">Que faire dans la r&eacute;gion<\/a>\n\t\t\t\t\t<\/div>\n\n\t\t\t\t\t<div id=\"elementor-tab-content-1586\" class=\"elementor-tab-content elementor-clearfix\" data-tab=\"6\" role=\"region\" aria-labelledby=\"elementor-tab-title-1586\"><p>Vous trouverez beaucoup d&rsquo;id&eacute;es d&rsquo;activit&eacute;s sur le site de l&rsquo;<a href=\"https:\/\/www.castellane-verdon.com\/\">Office du Tourisme de Castellane<\/a>.&nbsp;<br>N&rsquo;h&eacute;sitez pas &agrave; le consulter.<\/p><\/div>\n\t\t\t\t<\/div>\n\t\t\t\t\t\t\t\t<\/div>\n\t\t\t\t\t\t<\/div>\n\t\t\t\t<\/div>\n\t\t\t\t\t<\/div>\n\t\t<\/div>\n\t\t\t\t\t<\/div>\n\t\t<\/section>\n\t\t\t\t<\/div>","protected":false},"excerpt":{"rendered":"<p>FAQ Des places de parking sont-elles disponibles ? Le camping met &agrave; votre disposition un&nbsp;parking priv&eacute; et gratuit, sans r&eacute;servation pr&eacute;alable. Le camping dispose-t-il d?un acc&egrave;s Wifi ? Castellane, c?est la&nbsp;campagne&nbsp;: c?est id&eacute;al pour&nbsp;se ressourcer, mais le&nbsp;r&eacute;seau&nbsp;peut &ecirc;tre capricieux par moment. C?est pourquoi le camping dispose d?une&nbsp;connexion Wifi&nbsp;&agrave; laquelle vous pouvez acc&eacute;der de mani&egrave;re&nbsp;gratuite, s&eacute;curis&eacute;e [&hellip;]<\/p>","protected":false},"author":1,"featured_media":0,"parent":0,"menu_order":0,"comment_status":"closed","ping_status":"closed","template":"elementor_header_footer","meta":{"_acf_changed":false,"footnotes":""},"class_list":["post-15212","page","type-page","status-publish","hentry"],"acf":[],"yoast_head":"<!-- This site is optimized with the Yoast SEO plugin v24.8.1 - https:\/\/yoast.com\/wordpress\/plugins\/seo\/ -->\n<title>Faq - Camping les lavandes<\/title>\n<meta name=\"robots\" content=\"index, follow, max-snippet:-1, max-image-preview:large, max-video-preview:-1\" \/>\n<link rel=\"canonical\" href=\"https:\/\/camping-les-lavandes.com\/en\/faq\/\" \/>\n<meta property=\"og:locale\" content=\"en_GB\" \/>\n<meta property=\"og:type\" content=\"article\" \/>\n<meta property=\"og:title\" content=\"Faq - Camping les lavandes\" \/>\n<meta property=\"og:description\" content=\"FAQ Des places de parking sont-elles disponibles ? Le camping met \u00e0 votre disposition un\u00a0parking priv\u00e9 et gratuit, sans r\u00e9servation pr\u00e9alable. Le camping dispose-t-il d\u2019un acc\u00e8s Wifi ? Castellane, c\u2019est la\u00a0campagne\u00a0: c\u2019est id\u00e9al pour\u00a0se ressourcer, mais le\u00a0r\u00e9seau\u00a0peut \u00eatre capricieux par moment. C\u2019est pourquoi le camping dispose d\u2019une\u00a0connexion Wifi\u00a0\u00e0 laquelle vous pouvez acc\u00e9der de mani\u00e8re\u00a0gratuite, s\u00e9curis\u00e9e [&hellip;]\" \/>\n<meta property=\"og:url\" content=\"https:\/\/camping-les-lavandes.com\/en\/faq\/\" \/>\n<meta property=\"og:site_name\" content=\"Camping les lavandes\" \/>\n<meta property=\"article:modified_time\" content=\"2026-03-14T09:37:56+00:00\" \/>\n<meta name=\"twitter:card\" content=\"summary_large_image\" \/>\n<meta name=\"twitter:label1\" content=\"Estimated reading time\" \/>\n\t<meta name=\"twitter:data1\" content=\"2 minutes\" \/>\n<script type=\"application\/ld+json\" class=\"yoast-schema-graph\">{\"@context\":\"https:\/\/schema.org\",\"@graph\":[{\"@type\":\"WebPage\",\"@id\":\"https:\/\/camping-les-lavandes.com\/faq\/\",\"url\":\"https:\/\/camping-les-lavandes.com\/faq\/\",\"name\":\"Faq - Camping les lavandes\",\"isPartOf\":{\"@id\":\"https:\/\/camping-les-lavandes.com\/#website\"},\"datePublished\":\"2022-04-11T15:52:02+00:00\",\"dateModified\":\"2026-03-14T09:37:56+00:00\",\"breadcrumb\":{\"@id\":\"https:\/\/camping-les-lavandes.com\/faq\/#breadcrumb\"},\"inLanguage\":\"en-GB\",\"potentialAction\":[{\"@type\":\"ReadAction\",\"target\":[\"https:\/\/camping-les-lavandes.com\/faq\/\"]}]},{\"@type\":\"BreadcrumbList\",\"@id\":\"https:\/\/camping-les-lavandes.com\/faq\/#breadcrumb\",\"itemListElement\":[{\"@type\":\"ListItem\",\"position\":1,\"name\":\"Accueil\",\"item\":\"https:\/\/camping-les-lavandes.com\/\"},{\"@type\":\"ListItem\",\"position\":2,\"name\":\"Faq\"}]},{\"@type\":\"WebSite\",\"@id\":\"https:\/\/camping-les-lavandes.com\/#website\",\"url\":\"https:\/\/camping-les-lavandes.com\/\",\"name\":\"Camping les lavandes\",\"description\":\"Camping deux \u00e9toiles \u00e0 Castellane\",\"publisher\":{\"@id\":\"https:\/\/camping-les-lavandes.com\/#organization\"},\"potentialAction\":[{\"@type\":\"SearchAction\",\"target\":{\"@type\":\"EntryPoint\",\"urlTemplate\":\"https:\/\/camping-les-lavandes.com\/?s={search_term_string}\"},\"query-input\":{\"@type\":\"PropertyValueSpecification\",\"valueRequired\":true,\"valueName\":\"search_term_string\"}}],\"inLanguage\":\"en-GB\"},{\"@type\":\"Organization\",\"@id\":\"https:\/\/camping-les-lavandes.com\/#organization\",\"name\":\"Camping les lavandes\",\"url\":\"https:\/\/camping-les-lavandes.com\/\",\"logo\":{\"@type\":\"ImageObject\",\"inLanguage\":\"en-GB\",\"@id\":\"https:\/\/camping-les-lavandes.com\/#\/schema\/logo\/image\/\",\"url\":\"https:\/\/camping-les-lavandes.com\/wp-content\/uploads\/2022\/04\/big-logo-camping-les-lavandes-2.png\",\"contentUrl\":\"https:\/\/camping-les-lavandes.com\/wp-content\/uploads\/2022\/04\/big-logo-camping-les-lavandes-2.png\",\"width\":267,\"height\":376,\"caption\":\"Camping les lavandes\"},\"image\":{\"@id\":\"https:\/\/camping-les-lavandes.com\/#\/schema\/logo\/image\/\"}}]}<\/script>\n<!-- \/ Yoast SEO plugin. -->","yoast_head_json":{"title":"Faq - Camping les lavandes","robots":{"index":"index","follow":"follow","max-snippet":"max-snippet:-1","max-image-preview":"max-image-preview:large","max-video-preview":"max-video-preview:-1"},"canonical":"https:\/\/camping-les-lavandes.com\/en\/faq\/","og_locale":"en_GB","og_type":"article","og_title":"Faq - Camping les lavandes","og_description":"FAQ Des places de parking sont-elles disponibles ? Le camping met \u00e0 votre disposition un\u00a0parking priv\u00e9 et gratuit, sans r\u00e9servation pr\u00e9alable. Le camping dispose-t-il d\u2019un acc\u00e8s Wifi ? Castellane, c\u2019est la\u00a0campagne\u00a0: c\u2019est id\u00e9al pour\u00a0se ressourcer, mais le\u00a0r\u00e9seau\u00a0peut \u00eatre capricieux par moment. C\u2019est pourquoi le camping dispose d\u2019une\u00a0connexion Wifi\u00a0\u00e0 laquelle vous pouvez acc\u00e9der de mani\u00e8re\u00a0gratuite, s\u00e9curis\u00e9e [&hellip;]","og_url":"https:\/\/camping-les-lavandes.com\/en\/faq\/","og_site_name":"Camping les lavandes","article_modified_time":"2026-03-14T09:37:56+00:00","twitter_card":"summary_large_image","twitter_misc":{"Estimated reading time":"2 minutes"},"schema":{"@context":"https:\/\/schema.org","@graph":[{"@type":"WebPage","@id":"https:\/\/camping-les-lavandes.com\/faq\/","url":"https:\/\/camping-les-lavandes.com\/faq\/","name":"Faq - Camping les lavandes","isPartOf":{"@id":"https:\/\/camping-les-lavandes.com\/#website"},"datePublished":"2022-04-11T15:52:02+00:00","dateModified":"2026-03-14T09:37:56+00:00","breadcrumb":{"@id":"https:\/\/camping-les-lavandes.com\/faq\/#breadcrumb"},"inLanguage":"en-GB","potentialAction":[{"@type":"ReadAction","target":["https:\/\/camping-les-lavandes.com\/faq\/"]}]},{"@type":"BreadcrumbList","@id":"https:\/\/camping-les-lavandes.com\/faq\/#breadcrumb","itemListElement":[{"@type":"ListItem","position":1,"name":"Accueil","item":"https:\/\/camping-les-lavandes.com\/"},{"@type":"ListItem","position":2,"name":"Faq"}]},{"@type":"WebSite","@id":"https:\/\/camping-les-lavandes.com\/#website","url":"https:\/\/camping-les-lavandes.com\/","name":"Camping les lavandes","description":"Camping deux \u00e9toiles \u00e0 Castellane","publisher":{"@id":"https:\/\/camping-les-lavandes.com\/#organization"},"potentialAction":[{"@type":"SearchAction","target":{"@type":"EntryPoint","urlTemplate":"https:\/\/camping-les-lavandes.com\/?s={search_term_string}"},"query-input":{"@type":"PropertyValueSpecification","valueRequired":true,"valueName":"search_term_string"}}],"inLanguage":"en-GB"},{"@type":"Organization","@id":"https:\/\/camping-les-lavandes.com\/#organization","name":"Camping les lavandes","url":"https:\/\/camping-les-lavandes.com\/","logo":{"@type":"ImageObject","inLanguage":"en-GB","@id":"https:\/\/camping-les-lavandes.com\/#\/schema\/logo\/image\/","url":"https:\/\/camping-les-lavandes.com\/wp-content\/uploads\/2022\/04\/big-logo-camping-les-lavandes-2.png","contentUrl":"https:\/\/camping-les-lavandes.com\/wp-content\/uploads\/2022\/04\/big-logo-camping-les-lavandes-2.png","width":267,"height":376,"caption":"Camping les lavandes"},"image":{"@id":"https:\/\/camping-les-lavandes.com\/#\/schema\/logo\/image\/"}}]}},"_links":{"self":[{"href":"https:\/\/camping-les-lavandes.com\/en\/wp-json\/wp\/v2\/pages\/15212","targetHints":{"allow":["GET"]}}],"collection":[{"href":"https:\/\/camping-les-lavandes.com\/en\/wp-json\/wp\/v2\/pages"}],"about":[{"href":"https:\/\/camping-les-lavandes.com\/en\/wp-json\/wp\/v2\/types\/page"}],"author":[{"embeddable":true,"href":"https:\/\/camping-les-lavandes.com\/en\/wp-json\/wp\/v2\/users\/1"}],"replies":[{"embeddable":true,"href":"https:\/\/camping-les-lavandes.com\/en\/wp-json\/wp\/v2\/comments?post=15212"}],"version-history":[{"count":34,"href":"https:\/\/camping-les-lavandes.com\/en\/wp-json\/wp\/v2\/pages\/15212\/revisions"}],"predecessor-version":[{"id":16142,"href":"https:\/\/camping-les-lavandes.com\/en\/wp-json\/wp\/v2\/pages\/15212\/revisions\/16142"}],"wp:attachment":[{"href":"https:\/\/camping-les-lavandes.com\/en\/wp-json\/wp\/v2\/media?parent=15212"}],"curies":[{"name":"wp","href":"https:\/\/api.w.org\/{rel}","templated":true}]}}